{"id":8992,"date":"2022-08-04T10:47:14","date_gmt":"2022-08-04T08:47:14","guid":{"rendered":"https:\/\/www.m2c.eu\/?page_id=8992"},"modified":"2023-02-27T12:02:22","modified_gmt":"2023-02-27T11:02:22","slug":"home","status":"publish","type":"page","link":"https:\/\/m2c.rvltpreview.com\/be\/","title":{"rendered":"Page d&rsquo;accueil"},"content":{"rendered":"<div class=\"d-none\" style=\"display: none;\">\n<h3>NOUS SIMPLIFIONS LA GESTION DE VOS BIENS IMMOBILIERS<\/h3>\n<h3>M2C est votre partenaire pour la gestion compl\u00e8te de vos biens immobiliers<\/h3>\n<h3>S\u00e9curit\u00e9<\/h3>\n<h3>Maintenance<\/h3>\n<h3>Nettoyage<\/h3>\n<h3>Entretien des espaces verts<\/h3>\n<h3>Gestion de l&rsquo;\u00e9nergie<\/h3>\n<h3>Technologies SMARTech de gestion intelligente des b\u00e2timents<\/h3>\n<h3>Souhaitez-vous en savoir savoir plus sur la r\u00e9duction des co\u00fbts d\u2019exploitation de votre bien\u00a0?<\/h3>\n<h3>POURQUOI COLLABORER AVEC NOUS\u00a0?<\/h3>\n<h3>&lt;p&gt;Cherchez-vous un emploi dans le domaine de la s\u00e9curit\u00e9 et de la maintenance&amp;nbsp;? Vous \u00eates peut-\u00eatre la personne que nous recherchons&amp;nbsp;!&amp;nbsp;&lt;\/p&gt;<\/h3>\n<h3>\u00c0 propos de nous<\/h3>\n<h3>Actualit\u00e9s<\/h3>\n<h3>R\u00e9f\u00e9rences<\/h3>\n<\/div>\n<div class=\"d-none\" style=\"display: none;\">\n<h3>NOUS SIMPLIFIONS LA GESTION DE VOS BIENS IMMOBILIERS<\/h3>\n<h3>M2C est votre partenaire pour la gestion compl\u00e8te de vos biens immobiliers<\/h3>\n<h3>S\u00e9curit\u00e9<\/h3>\n<h3>Maintenance<\/h3>\n<h3>Nettoyage<\/h3>\n<h3>Entretien des espaces verts<\/h3>\n<h3>Gestion de l&rsquo;\u00e9nergie<\/h3>\n<h3>Technologies SMARTech de gestion intelligente des b\u00e2timents<\/h3>\n<h3>Souhaitez-vous en savoir savoir plus sur la r\u00e9duction des co\u00fbts d\u2019exploitation de votre bien\u00a0?<\/h3>\n<h3>POURQUOI COLLABORER AVEC NOUS\u00a0?<\/h3>\n<h3>&lt;p&gt;Cherchez-vous un emploi dans le domaine de la s\u00e9curit\u00e9 et de la maintenance&amp;nbsp;? Vous \u00eates peut-\u00eatre la personne que nous recherchons&amp;nbsp;!&amp;nbsp;&lt;\/p&gt;<\/h3>\n<h3>\u00c0 propos de nous<\/h3>\n<h3>R\u00e9f\u00e9rences<\/h3>\n<\/div>\n<div class=\"d-none\" style=\"display: none;\">\n<h3>NOUS SIMPLIFIONS LA GESTION DE VOS BIENS IMMOBILIERS<\/h3>\n<h3>M2C est votre partenaire pour la gestion compl\u00e8te de vos biens immobiliers<\/h3>\n<h3>S\u00e9curit\u00e9<\/h3>\n<h3>Maintenance<\/h3>\n<h3>Nettoyage<\/h3>\n<h3>Entretien des espaces verts<\/h3>\n<h3>Gestion de l&rsquo;\u00e9nergie<\/h3>\n<h3>Technologies SMARTech de gestion intelligente des b\u00e2timents<\/h3>\n<h3>Souhaitez-vous en savoir savoir plus sur la r\u00e9duction des co\u00fbts d\u2019exploitation de votre bien\u00a0?<\/h3>\n<h3>POURQUOI COLLABORER AVEC NOUS\u00a0?<\/h3>\n<h3>&lt;p&gt;Cherchez-vous un emploi dans le domaine de la s\u00e9curit\u00e9 et de la maintenance&amp;nbsp;? Vous \u00eates peut-\u00eatre la personne que nous recherchons&amp;nbsp;!&amp;nbsp;&lt;\/p&gt;<\/h3>\n<h3>\u00c0 propos de nous<\/h3>\n<h3>R\u00e9f\u00e9rences<\/h3>\n<\/div>\n<div class=\"d-none\" style=\"display: none;\">\n<h3>NOUS SIMPLIFIONS LA GESTION DE VOS BIENS IMMOBILIERS<\/h3>\n<h3>M2C est votre partenaire pour la gestion compl\u00e8te de vos biens immobiliers<\/h3>\n<h3>S\u00e9curit\u00e9<\/h3>\n<h3>Maintenance<\/h3>\n<h3>Nettoyage<\/h3>\n<h3>Entretien des espaces verts<\/h3>\n<h3>Gestion de l&rsquo;\u00e9nergie<\/h3>\n<h3>Technologies SMARTech de gestion intelligente des b\u00e2timents<\/h3>\n<h3>Souhaitez-vous en savoir savoir plus sur la r\u00e9duction des co\u00fbts d\u2019exploitation de votre bien\u00a0?<\/h3>\n<h3>POURQUOI COLLABORER AVEC NOUS\u00a0?<\/h3>\n<h3>&lt;p&gt;Cherchez-vous un emploi dans le domaine de la s\u00e9curit\u00e9 et de la maintenance&amp;nbsp;? Vous \u00eates peut-\u00eatre la personne que nous recherchons&amp;nbsp;!&amp;nbsp;&lt;\/p&gt;<\/h3>\n<h3>\u00c0 propos de nous<\/h3>\n<h3>R\u00e9f\u00e9rences<\/h3>\n<\/div>\n<div class=\"d-none\" style=\"display: none;\">\n<h3>NOUS SIMPLIFIONS LA GESTION DE VOS BIENS IMMOBILIERS<\/h3>\n<h3>M2C est votre partenaire pour la gestion compl\u00e8te de vos biens immobiliers<\/h3>\n<h3>S\u00e9curit\u00e9<\/h3>\n<h3>Maintenance<\/h3>\n<h3>Nettoyage<\/h3>\n<h3>Entretien des espaces verts<\/h3>\n<h3>Gestion de l&rsquo;\u00e9nergie<\/h3>\n<h3>Technologies SMARTech de gestion intelligente des b\u00e2timents<\/h3>\n<h3>Souhaitez-vous en savoir savoir plus sur la r\u00e9duction des co\u00fbts d\u2019exploitation de votre bien\u00a0?<\/h3>\n<h3>POURQUOI COLLABORER AVEC NOUS\u00a0?<\/h3>\n<h3>&lt;p&gt;Cherchez-vous un emploi dans le domaine de la s\u00e9curit\u00e9 et de la maintenance&amp;nbsp;? Vous \u00eates peut-\u00eatre la personne que nous recherchons&amp;nbsp;!&amp;nbsp;&lt;\/p&gt;<\/h3>\n<h3>\u00c0 propos de nous<\/h3>\n<h3>R\u00e9f\u00e9rences<\/h3>\n<\/div>\n<div class=\"d-none\" style=\"display: none;\">\n<h3>NOUS SIMPLIFIONS LA GESTION DE VOS BIENS IMMOBILIERS<\/h3>\n<h3>M2C est votre partenaire pour la gestion compl\u00e8te de vos biens immobiliers<\/h3>\n<h3>S\u00e9curit\u00e9<\/h3>\n<h3>Maintenance<\/h3>\n<h3>Nettoyage<\/h3>\n<h3>Entretien des espaces verts<\/h3>\n<h3>Gestion de l&rsquo;\u00e9nergie<\/h3>\n<h3>Technologies SMARTech de gestion intelligente des b\u00e2timents<\/h3>\n<h3>Souhaitez-vous en savoir savoir plus sur la r\u00e9duction des co\u00fbts d\u2019exploitation de votre bien\u00a0?<\/h3>\n<h3>POURQUOI COLLABORER AVEC NOUS\u00a0?<\/h3>\n<h3>&lt;p&gt;Cherchez-vous un emploi dans le domaine de la s\u00e9curit\u00e9 et de la maintenance ? Vous \u00eates peut-\u00eatre la personne que nous recherchons !&amp;nbsp;&lt;\/p&gt;<\/h3>\n<h3>\u00c0 propos de nous<\/h3>\n<h3>R\u00e9f\u00e9rences<\/h3>\n<\/div>\n<div class=\"d-none\" style=\"display: none;\">\n<h3>NOUS SIMPLIFIONS LA \u01f4ESTION DE LA S\u00c9CURIT\u00c9 DE VOS B\u00c2TIMENTS<\/h3>\n<h3>M2C est votre partenaire pour la gestion compl\u00e8te de vos biens immobiliers<\/h3>\n<h3>S\u00e9curit\u00e9<\/h3>\n<h3>Maintenance<\/h3>\n<h3>Nettoyage<\/h3>\n<h3>Entretien des espaces verts<\/h3>\n<h3>Gestion de l&rsquo;\u00e9nergie<\/h3>\n<h3>Technologies SMARTech de gestion intelligente des b\u00e2timents<\/h3>\n<h3>Souhaitez-vous en savoir savoir plus sur la r\u00e9duction des co\u00fbts d\u2019exploitation de votre bien\u00a0?<\/h3>\n<h3>POURQUOI COLLABORER AVEC NOUS\u00a0?<\/h3>\n<h3>&lt;p&gt;Cherchez-vous un emploi dans le domaine de la s\u00e9curit\u00e9 et de la maintenance ? Vous \u00eates peut-\u00eatre la personne que nous recherchons !&amp;nbsp;&lt;\/p&gt;<\/h3>\n<h3>\u00c0 propos de nous<\/h3>\n<h3>R\u00e9f\u00e9rences<\/h3>\n<\/div>\n<div class=\"d-none\" style=\"display: none;\">\n<h3>0<\/h3>\n<h3>NOUS SIMPLIFIONS LA \u01f4ESTION DE LA S\u00c9CURIT\u00c9 DE VOS B\u00c2TIMENTS<\/h3>\n<h3>&lt;p&gt;NOUS SIMPLIFIONS LA \u01f4ESTION DE LA S\u00c9CURIT\u00c9 DE VOS B\u00c2TIMENTS&lt;\/p&gt;<\/h3>\n<h3>NOUS SIMPLIFIONS LA \u01f4ESTION DE LA S\u00c9CURIT\u00c9 DE VOS B\u00c2TIMENTS<\/h3>\n<h3>M2C est votre partenaire en mati\u00e8re de s\u00e9curit\u00e9<\/h3>\n<h3>S\u00e9curit\u00e9<\/h3>\n<h3>Maintenance<\/h3>\n<h3>Nettoyage<\/h3>\n<h3>Entretien des espaces verts<\/h3>\n<h3>Gestion de l&rsquo;\u00e9nergie<\/h3>\n<h3>Technologies SMARTech de gestion intelligente des b\u00e2timents<\/h3>\n<h3>Souhaitez-vous en savoir savoir plus sur la r\u00e9duction des co\u00fbts d\u2019exploitation de votre bien\u00a0?<\/h3>\n<h3>POURQUOI COLLABORER AVEC NOUS\u00a0?<\/h3>\n<h3>&lt;p&gt;Cherchez-vous un emploi dans le domaine de la s\u00e9curit\u00e9 et de la maintenance ? Vous \u00eates peut-\u00eatre la personne que nous recherchons !&amp;nbsp;&lt;\/p&gt;<\/h3>\n<h3>\u00c0 propos de nous<\/h3>\n<h3>R\u00e9f\u00e9rences<\/h3>\n<\/div>\n<div class=\"d-none\" style=\"display: none;\">\n<h3>0<\/h3>\n<h3>NOUS SIMPLIFIONS LA \u01f4ESTION DE LA S\u00c9CURIT\u00c9 DE VOS B\u00c2TIMENTS<\/h3>\n<h3>&lt;p&gt;NOUS SIMPLIFIONS LA \u01f4ESTION DE LA S\u00c9CURIT\u00c9 DE VOS B\u00c2TIMENTS&lt;\/p&gt;<\/h3>\n<h3>NOUS SIMPLIFIONS LA \u01f4ESTION DE LA S\u00c9CURIT\u00c9 DE VOS B\u00c2TIMENTS<\/h3>\n<h3>M2C est votre partenaire en mati\u00e8re de s\u00e9curit\u00e9<\/h3>\n<h3>S\u00e9curit\u00e9<\/h3>\n<h3>POURQUOI COLLABORER AVEC NOUS\u00a0?<\/h3>\n<h3>&lt;p&gt;Cherchez-vous un emploi dans le domaine de la s\u00e9curit\u00e9 et de la maintenance ? Vous \u00eates peut-\u00eatre la personne que nous recherchons !&amp;nbsp;&lt;\/p&gt;<\/h3>\n<h3>\u00c0 propos de nous<\/h3>\n<h3>R\u00e9f\u00e9rences<\/h3>\n<\/div>\n<div class=\"d-none\" style=\"display: none;\">\n<h3>0<\/h3>\n<h3>NOUS SIMPLIFIONS LA \u01f4ESTION DE LA S\u00c9CURIT\u00c9 DE VOS B\u00c2TIMENTS<\/h3>\n<h3>&lt;p&gt;NOUS SIMPLIFIONS LA \u01f4ESTION DE LA S\u00c9CURIT\u00c9 DE VOS B\u00c2TIMENTS&lt;\/p&gt;<\/h3>\n<h3>NOUS SIMPLIFIONS LA \u01f4ESTION DE LA S\u00c9CURIT\u00c9 DE VOS B\u00c2TIMENTS<\/h3>\n<h3>M2C est votre partenaire en mati\u00e8re de s\u00e9curit\u00e9<\/h3>\n<h3>S\u00e9curit\u00e9<\/h3>\n<h3>Souhaitez-vous en savoir savoir plus sur la r\u00e9duction des co\u00fbts d\u2019exploitation de votre bien\u00a0?<\/h3>\n<h3>POURQUOI COLLABORER AVEC NOUS\u00a0?<\/h3>\n<h3>&lt;p&gt;Cherchez-vous un emploi dans le domaine de la s\u00e9curit\u00e9 et de la maintenance ? Vous \u00eates peut-\u00eatre la personne que nous recherchons !&amp;nbsp;&lt;\/p&gt;<\/h3>\n<h3>\u00c0 propos de nous<\/h3>\n<h3>R\u00e9f\u00e9rences<\/h3>\n<\/div>\n<div class=\"d-none\" style=\"display: none;\">\n<h3>0<\/h3>\n<h3>NOUS SIMPLIFIONS LA \u01f4ESTION DE LA S\u00c9CURIT\u00c9 DE VOS B\u00c2TIMENTS<\/h3>\n<h3>&lt;p&gt;NOUS SIMPLIFIONS LA \u01f4ESTION DE LA S\u00c9CURIT\u00c9 DE VOS B\u00c2TIMENTS&lt;\/p&gt;<\/h3>\n<h3>NOUS SIMPLIFIONS LA \u01f4ESTION DE LA S\u00c9CURIT\u00c9 DE VOS B\u00c2TIMENTS<\/h3>\n<h3>M2C est votre partenaire en mati\u00e8re de s\u00e9curit\u00e9<\/h3>\n<h3>S\u00e9curit\u00e9<\/h3>\n<h3>Souhaitez-vous en savoir savoir plus sur la r\u00e9duction des co\u00fbts d\u2019exploitation de votre bien\u00a0?<\/h3>\n<h3>POURQUOI COLLABORER AVEC NOUS\u00a0?<\/h3>\n<h3>&lt;p&gt;Cherchez-vous un emploi dans le domaine de la s\u00e9curit\u00e9 ? Vous \u00eates peut-\u00eatre la personne que nous recherchons !&amp;nbsp;&lt;\/p&gt;<\/h3>\n<h3>\u00c0 propos de nous<\/h3>\n<h3>R\u00e9f\u00e9rences<\/h3>\n<\/div>\n<div class=\"d-none\" style=\"display: none;\">\n<h3>M2C est votre partenaire en mati\u00e8re de s\u00e9curit\u00e9<\/h3>\n<h3>S\u00e9curit\u00e9<\/h3>\n<h3>Souhaitez-vous en savoir savoir plus sur la r\u00e9duction des co\u00fbts d\u2019exploitation de votre bien\u00a0?<\/h3>\n<h3>POURQUOI COLLABORER AVEC NOUS\u00a0?<\/h3>\n<h3>&lt;p&gt;Cherchez-vous un emploi dans le domaine de la s\u00e9curit\u00e9 ? Vous \u00eates peut-\u00eatre la personne que nous recherchons !&amp;nbsp;&lt;\/p&gt;<\/h3>\n<h3>\u00c0 propos de nous<\/h3>\n<h3>R\u00e9f\u00e9rences<\/h3>\n<\/div>\n<div class=\"d-none\" style=\"display: none;\">\n<h3>NOUS SIMPLIFIONS LA \u01f4ESTION DE LA S\u00c9CURIT\u00c9 DE VOS B\u00c2TIMENTS<\/h3>\n<h3>M2C est votre partenaire en mati\u00e8re de s\u00e9curit\u00e9<\/h3>\n<h3>S\u00e9curit\u00e9<\/h3>\n<h3>Souhaitez-vous en savoir savoir plus sur la r\u00e9duction des co\u00fbts d\u2019exploitation de votre bien\u00a0?<\/h3>\n<h3>POURQUOI COLLABORER AVEC NOUS\u00a0?<\/h3>\n<h3>&lt;p&gt;Cherchez-vous un emploi dans le domaine de la s\u00e9curit\u00e9 ? Vous \u00eates peut-\u00eatre la personne que nous recherchons !&amp;nbsp;&lt;\/p&gt;<\/h3>\n<h3>\u00c0 propos de nous<\/h3>\n<h3>R\u00e9f\u00e9rences<\/h3>\n<\/div>\n<div class='d-none' style='display:none;'>\n<h3> NOUS SIMPLIFIONS LA \u01f4ESTION DE LA S\u00c9CURIT\u00c9 DE VOS B\u00c2TIMENTS<\/h3>\n<h3>M2C est votre partenaire en mati\u00e8re de s\u00e9curit\u00e9<\/h3>\n<h3>S\u00e9curit\u00e9<\/h3>\n<h3>POURQUOI COLLABORER AVEC NOUS\u00a0?<\/h3>\n<h3>&#60;p&#62;Cherchez-vous un emploi dans le domaine de la s\u00e9curit\u00e9 ? Vous \u00eates peut-\u00eatre la personne que nous recherchons !&#38;nbsp;&#60;\/p&#62;<\/h3>\n<h3>\u00c0 propos de nous<\/h3>\n<h3>R\u00e9f\u00e9rences<\/h3>\n<\/div>\n","protected":false},"excerpt":{"rendered":"<p>NOUS SIMPLIFIONS LA GESTION DE VOS BIENS IMMOBILIERS M2C est votre partenaire pour la gestion compl\u00e8te de vos biens immobiliers S\u00e9curit\u00e9 Maintenance Nettoyage Entretien des espaces verts Gestion de l&rsquo;\u00e9nergie Technologies SMARTech de gestion intelligente des b\u00e2timents Souhaitez-vous en savoir savoir plus sur la r\u00e9duction des co\u00fbts d\u2019exploitation de votre bien\u00a0? POURQUOI COLLABORER AVEC NOUS\u00a0?&#8230;<\/p>\n","protected":false},"author":20,"featured_media":0,"parent":0,"menu_order":0,"comment_status":"closed","ping_status":"closed","template":"pages\/page-blocks.php","meta":{"footnotes":""},"class_list":["post-8992","page","type-page","status-publish","hentry"],"yoast_head":"<!-- This site is optimized with the Yoast SEO plugin v27.4 - https:\/\/yoast.com\/product\/yoast-seo-wordpress\/ -->\n<title>Page d&#039;accueil | M2C<\/title>\n<meta name=\"robots\" content=\"noindex, follow, max-snippet:-1, max-image-preview:large, max-video-preview:-1\" \/>\n<meta property=\"og:locale\" content=\"fr_FR\" \/>\n<meta property=\"og:type\" content=\"article\" \/>\n<meta property=\"og:title\" content=\"Page d&#039;accueil | M2C\" \/>\n<meta property=\"og:description\" content=\"NOUS SIMPLIFIONS LA GESTION DE VOS BIENS IMMOBILIERS M2C est votre partenaire pour la gestion compl\u00e8te de vos biens immobiliers S\u00e9curit\u00e9 Maintenance Nettoyage Entretien des espaces verts Gestion de l&rsquo;\u00e9nergie Technologies SMARTech de gestion intelligente des b\u00e2timents Souhaitez-vous en savoir savoir plus sur la r\u00e9duction des co\u00fbts d\u2019exploitation de votre bien\u00a0? POURQUOI COLLABORER AVEC NOUS\u00a0?...\" \/>\n<meta property=\"og:url\" content=\"https:\/\/m2c.rvltpreview.com\/be\/\" \/>\n<meta property=\"og:site_name\" content=\"M2C\" \/>\n<meta property=\"article:modified_time\" content=\"2023-02-27T11:02:22+00:00\" \/>\n<meta property=\"og:image\" content=\"https:\/\/m2c.rvltpreview.com\/wp-content\/uploads\/2021\/09\/M2C_OG.jpg\" \/>\n\t<meta property=\"og:image:width\" content=\"1200\" \/>\n\t<meta property=\"og:image:height\" content=\"630\" \/>\n\t<meta property=\"og:image:type\" content=\"image\/jpeg\" \/>\n<meta name=\"twitter:card\" content=\"summary_large_image\" \/>\n<meta name=\"twitter:label1\" content=\"Dur\u00e9e de lecture est.\" \/>\n\t<meta name=\"twitter:data1\" content=\"6 minutes\" \/>\n<!-- \/ Yoast SEO plugin. -->","yoast_head_json":{"title":"Page d'accueil | M2C","robots":{"index":"noindex","follow":"follow","max-snippet":"max-snippet:-1","max-image-preview":"max-image-preview:large","max-video-preview":"max-video-preview:-1"},"og_locale":"fr_FR","og_type":"article","og_title":"Page d'accueil | M2C","og_description":"NOUS SIMPLIFIONS LA GESTION DE VOS BIENS IMMOBILIERS M2C est votre partenaire pour la gestion compl\u00e8te de vos biens immobiliers S\u00e9curit\u00e9 Maintenance Nettoyage Entretien des espaces verts Gestion de l&rsquo;\u00e9nergie Technologies SMARTech de gestion intelligente des b\u00e2timents Souhaitez-vous en savoir savoir plus sur la r\u00e9duction des co\u00fbts d\u2019exploitation de votre bien\u00a0? POURQUOI COLLABORER AVEC NOUS\u00a0?...","og_url":"https:\/\/m2c.rvltpreview.com\/be\/","og_site_name":"M2C","article_modified_time":"2023-02-27T11:02:22+00:00","og_image":[{"width":1200,"height":630,"url":"https:\/\/m2c.rvltpreview.com\/wp-content\/uploads\/2021\/09\/M2C_OG.jpg","type":"image\/jpeg"}],"twitter_card":"summary_large_image","twitter_misc":{"Dur\u00e9e de lecture est.":"6 minutes"},"schema":{"@context":"https:\/\/schema.org","@graph":[{"@type":"WebPage","@id":"https:\/\/m2c.rvltpreview.com\/be\/","url":"https:\/\/m2c.rvltpreview.com\/be\/","name":"Page d'accueil | M2C","isPartOf":{"@id":"https:\/\/m2c.rvltpreview.com\/#website"},"datePublished":"2022-08-04T08:47:14+00:00","dateModified":"2023-02-27T11:02:22+00:00","breadcrumb":{"@id":"https:\/\/m2c.rvltpreview.com\/be\/#breadcrumb"},"inLanguage":"fr-BE","potentialAction":[{"@type":"ReadAction","target":["https:\/\/m2c.rvltpreview.com\/be\/"]}]},{"@type":"BreadcrumbList","@id":"https:\/\/m2c.rvltpreview.com\/be\/#breadcrumb","itemListElement":[{"@type":"ListItem","position":1,"name":"\u00davod","item":"https:\/\/m2c.rvltpreview.com\/be\/"},{"@type":"ListItem","position":2,"name":"Page d&rsquo;accueil"}]},{"@type":"WebSite","@id":"https:\/\/m2c.rvltpreview.com\/#website","url":"https:\/\/m2c.rvltpreview.com\/","name":"M2C","description":"","publisher":{"@id":"https:\/\/m2c.rvltpreview.com\/#organization"},"potentialAction":[{"@type":"SearchAction","target":{"@type":"EntryPoint","urlTemplate":"https:\/\/m2c.rvltpreview.com\/?s={search_term_string}"},"query-input":{"@type":"PropertyValueSpecification","valueRequired":true,"valueName":"search_term_string"}}],"inLanguage":"fr-BE"},{"@type":"Organization","@id":"https:\/\/m2c.rvltpreview.com\/#organization","name":"M2C","url":"https:\/\/m2c.rvltpreview.com\/","logo":{"@type":"ImageObject","inLanguage":"fr-BE","@id":"https:\/\/m2c.rvltpreview.com\/#\/schema\/logo\/image\/","url":"https:\/\/www.m2c.eu\/wp-content\/uploads\/2021\/08\/logo-m2c.svg","contentUrl":"https:\/\/www.m2c.eu\/wp-content\/uploads\/2021\/08\/logo-m2c.svg","width":141,"height":40,"caption":"M2C"},"image":{"@id":"https:\/\/m2c.rvltpreview.com\/#\/schema\/logo\/image\/"}}]}},"_links":{"self":[{"href":"https:\/\/m2c.rvltpreview.com\/be\/wp-json\/wp\/v2\/pages\/8992","targetHints":{"allow":["GET"]}}],"collection":[{"href":"https:\/\/m2c.rvltpreview.com\/be\/wp-json\/wp\/v2\/pages"}],"about":[{"href":"https:\/\/m2c.rvltpreview.com\/be\/wp-json\/wp\/v2\/types\/page"}],"author":[{"embeddable":true,"href":"https:\/\/m2c.rvltpreview.com\/be\/wp-json\/wp\/v2\/users\/20"}],"replies":[{"embeddable":true,"href":"https:\/\/m2c.rvltpreview.com\/be\/wp-json\/wp\/v2\/comments?post=8992"}],"version-history":[{"count":17,"href":"https:\/\/m2c.rvltpreview.com\/be\/wp-json\/wp\/v2\/pages\/8992\/revisions"}],"predecessor-version":[{"id":10863,"href":"https:\/\/m2c.rvltpreview.com\/be\/wp-json\/wp\/v2\/pages\/8992\/revisions\/10863"}],"wp:attachment":[{"href":"https:\/\/m2c.rvltpreview.com\/be\/wp-json\/wp\/v2\/media?parent=8992"}],"curies":[{"name":"wp","href":"https:\/\/api.w.org\/{rel}","templated":true}]}}