{"id":9086,"date":"2022-08-05T15:13:18","date_gmt":"2022-08-05T13:13:18","guid":{"rendered":"https:\/\/www.m2c.eu\/?page_id=9086"},"modified":"2022-11-14T12:18:24","modified_gmt":"2022-11-14T11:18:24","slug":"securite","status":"publish","type":"page","link":"https:\/\/m2c.rvltpreview.com\/be\/services\/securite\/","title":{"rendered":"S\u00e9curit\u00e9"},"content":{"rendered":"<div class=\"d-none\" style=\"display: none;\">\n<h3>S\u00e9curit\u00e9<\/h3>\n<p>Notre \u00e9quipe d\u2019experts en s\u00e9curit\u00e9 assurera la s\u00e9curit\u00e9 compl\u00e8te de votre propri\u00e9t\u00e9. Nous offrons des services de s\u00e9curit\u00e9 des b\u00e2timents comme des personnes physiques. Saviez-vous, par exemple, qu\u2019il n\u2019est plus n\u00e9cessaire de payer un agent de s\u00e9curit\u00e9 pour la nuit et le week-end ? Gr\u00e2ce aux technologies modernes et aux syst\u00e8mes de cam\u00e9ras, nous surveillerons votre propri\u00e9t\u00e9 \u00e0 distance par le biais du centre de surveillance M2C Space.<\/p>\n<p>89573a:1:{i:0;a:5:{s:40:\u00a0\u00bbblock-intro-description-signpost-icon-id\u00a0\u00bb;s:0:\u00a0\u00bb\u00a0\u00bb;s:38:\u00a0\u00bbblock-intro-description-signpost-title\u00a0\u00bb;s:0:\u00a0\u00bb\u00a0\u00bb;s:41:\u00a0\u00bbblock-intro-description-signpost-subtitle\u00a0\u00bb;s:0:\u00a0\u00bb\u00a0\u00bb;s:36:\u00a0\u00bbblock-intro-description-signpost-url\u00a0\u00bb;s:0:\u00a0\u00bb\u00a0\u00bb;s:39:\u00a0\u00bbblock-intro-description-signpost-target\u00a0\u00bb;s:1:\u00a0\u00bb0&Prime;;}}<\/p>\n<h3>S\u00e9curit\u00e9 physique<\/h3>\n<h3>ARC ET VARC<\/h3>\n<h3>Souhaitez-vous en savoir savoir plus sur la r\u00e9duction des co\u00fbts d\u2019exploitation de votre bien\u00a0?<\/h3>\n<h3>Services de s\u00e9curit\u00e9 sp\u00e9cialis\u00e9s<\/h3>\n<h3>Audit de s\u00e9curit\u00e9<\/h3>\n<h3>SST et PF<\/h3>\n<h3>Vous n&rsquo;avez pas encore fait votre choix parmi la gamme de services?<\/h3>\n<h3>R\u00e9f\u00e9rences<\/h3>\n<\/div>\n<div class=\"d-none\" style=\"display: none;\">\n<h3>S\u00e9curit\u00e9<\/h3>\n<p>Notre \u00e9quipe d\u2019experts en s\u00e9curit\u00e9 assurera la s\u00e9curit\u00e9 compl\u00e8te de votre propri\u00e9t\u00e9. Nous offrons des services de s\u00e9curit\u00e9 des b\u00e2timents comme des personnes physiques. Saviez-vous, par exemple, qu\u2019il n\u2019est plus n\u00e9cessaire de payer un agent de s\u00e9curit\u00e9 pour la nuit et le week-end ? Gr\u00e2ce aux technologies modernes et aux syst\u00e8mes de cam\u00e9ras, nous surveillerons votre propri\u00e9t\u00e9 \u00e0 distance par le biais du centre de surveillance M2C Space.<\/p>\n<p>89573a:1:{i:0;a:5:{s:40:\u00a0\u00bbblock-intro-description-signpost-icon-id\u00a0\u00bb;s:0:\u00a0\u00bb\u00a0\u00bb;s:38:\u00a0\u00bbblock-intro-description-signpost-title\u00a0\u00bb;s:0:\u00a0\u00bb\u00a0\u00bb;s:41:\u00a0\u00bbblock-intro-description-signpost-subtitle\u00a0\u00bb;s:0:\u00a0\u00bb\u00a0\u00bb;s:36:\u00a0\u00bbblock-intro-description-signpost-url\u00a0\u00bb;s:0:\u00a0\u00bb\u00a0\u00bb;s:39:\u00a0\u00bbblock-intro-description-signpost-target\u00a0\u00bb;s:1:\u00a0\u00bb0&Prime;;}}<\/p>\n<h3>S\u00e9curit\u00e9 physique<\/h3>\n<h3>ARC ET VARC<\/h3>\n<h3>Souhaitez-vous en savoir savoir plus sur la r\u00e9duction des co\u00fbts d\u2019exploitation de votre bien\u00a0?<\/h3>\n<h3>Services de s\u00e9curit\u00e9 sp\u00e9cialis\u00e9s<\/h3>\n<h3>Audit de s\u00e9curit\u00e9<\/h3>\n<h3>SST et PF<\/h3>\n<h3>Vous n&rsquo;avez pas encore fait votre choix parmi la gamme de services?<\/h3>\n<h3>R\u00e9f\u00e9rences<\/h3>\n<\/div>\n<div class=\"d-none\" style=\"display: none;\">\n<h3>S\u00e9curit\u00e9<\/h3>\n<p>Notre \u00e9quipe d\u2019experts en s\u00e9curit\u00e9 assurera la s\u00e9curit\u00e9 compl\u00e8te de votre propri\u00e9t\u00e9. Nous offrons des services de s\u00e9curit\u00e9 des b\u00e2timents comme des personnes physiques. Saviez-vous, par exemple, qu\u2019il n\u2019est plus n\u00e9cessaire de payer un agent de s\u00e9curit\u00e9 pour la nuit et le week-end ? Gr\u00e2ce aux technologies modernes et aux syst\u00e8mes de cam\u00e9ras, nous surveillerons votre propri\u00e9t\u00e9 \u00e0 distance par le biais du centre de surveillance M2C Space.<\/p>\n<p>89573a:1:{i:0;a:5:{s:40:\u00a0\u00bbblock-intro-description-signpost-icon-id\u00a0\u00bb;s:0:\u00a0\u00bb\u00a0\u00bb;s:38:\u00a0\u00bbblock-intro-description-signpost-title\u00a0\u00bb;s:0:\u00a0\u00bb\u00a0\u00bb;s:41:\u00a0\u00bbblock-intro-description-signpost-subtitle\u00a0\u00bb;s:0:\u00a0\u00bb\u00a0\u00bb;s:36:\u00a0\u00bbblock-intro-description-signpost-url\u00a0\u00bb;s:0:\u00a0\u00bb\u00a0\u00bb;s:39:\u00a0\u00bbblock-intro-description-signpost-target\u00a0\u00bb;s:1:\u00a0\u00bb0&Prime;;}}<\/p>\n<h3>S\u00e9curit\u00e9 physique<\/h3>\n<h3>ARC ET VARC<\/h3>\n<h3>Souhaitez-vous en savoir savoir plus sur la r\u00e9duction des co\u00fbts d\u2019exploitation de votre bien\u00a0?<\/h3>\n<h3>Services de s\u00e9curit\u00e9 sp\u00e9cialis\u00e9s<\/h3>\n<h3>Audit de s\u00e9curit\u00e9<\/h3>\n<h3>SST et PF<\/h3>\n<h3>Vous n&rsquo;avez pas encore fait votre choix parmi la gamme de services?<\/h3>\n<h3>R\u00e9f\u00e9rences<\/h3>\n<\/div>\n<div class=\"d-none\" style=\"display: none;\">\n<h3>S\u00e9curit\u00e9<\/h3>\n<p>Notre \u00e9quipe d\u2019experts en s\u00e9curit\u00e9 assurera la s\u00e9curit\u00e9 compl\u00e8te de votre propri\u00e9t\u00e9. Nous offrons des services de s\u00e9curit\u00e9 des b\u00e2timents comme des personnes physiques. Saviez-vous, par exemple, qu\u2019il n\u2019est plus n\u00e9cessaire de payer un agent de s\u00e9curit\u00e9 pour la nuit et le week-end ? Gr\u00e2ce aux technologies modernes et aux syst\u00e8mes de cam\u00e9ras, nous surveillerons votre propri\u00e9t\u00e9 \u00e0 distance par le biais du centre de surveillance M2C Space.<\/p>\n<p>89573a:1:{i:0;a:5:{s:40:\u00a0\u00bbblock-intro-description-signpost-icon-id\u00a0\u00bb;s:0:\u00a0\u00bb\u00a0\u00bb;s:38:\u00a0\u00bbblock-intro-description-signpost-title\u00a0\u00bb;s:0:\u00a0\u00bb\u00a0\u00bb;s:41:\u00a0\u00bbblock-intro-description-signpost-subtitle\u00a0\u00bb;s:0:\u00a0\u00bb\u00a0\u00bb;s:36:\u00a0\u00bbblock-intro-description-signpost-url\u00a0\u00bb;s:0:\u00a0\u00bb\u00a0\u00bb;s:39:\u00a0\u00bbblock-intro-description-signpost-target\u00a0\u00bb;s:1:\u00a0\u00bb0&Prime;;}}<\/p>\n<h3>S\u00e9curit\u00e9 physique<\/h3>\n<h3>ARC ET VARC<\/h3>\n<h3>Souhaitez-vous en savoir savoir plus sur la r\u00e9duction des co\u00fbts d\u2019exploitation de votre bien\u00a0?<\/h3>\n<h3>Services de s\u00e9curit\u00e9 sp\u00e9cialis\u00e9s<\/h3>\n<h3>Audit de s\u00e9curit\u00e9<\/h3>\n<h3>SST et PF<\/h3>\n<h3>Vous n&rsquo;avez pas encore fait votre choix parmi la gamme de services?<\/h3>\n<h3>R\u00e9f\u00e9rences<\/h3>\n<\/div>\n<div class=\"d-none\" style=\"display: none;\">\n<h3>S\u00e9curit\u00e9<\/h3>\n<p>Notre \u00e9quipe d\u2019experts en s\u00e9curit\u00e9 assurera la s\u00e9curit\u00e9 compl\u00e8te de votre propri\u00e9t\u00e9. Nous offrons des services de s\u00e9curit\u00e9 des b\u00e2timents comme des personnes physiques. Saviez-vous, par exemple, qu\u2019il n\u2019est plus n\u00e9cessaire de payer un agent de s\u00e9curit\u00e9 pour la nuit et le week-end ? Gr\u00e2ce aux technologies modernes et aux syst\u00e8mes de cam\u00e9ras, nous surveillerons votre propri\u00e9t\u00e9 \u00e0 distance par le biais du centre de surveillance M2C Space.<\/p>\n<p>89573a:1:{i:0;a:5:{s:40:\u00a0\u00bbblock-intro-description-signpost-icon-id\u00a0\u00bb;s:0:\u00a0\u00bb\u00a0\u00bb;s:38:\u00a0\u00bbblock-intro-description-signpost-title\u00a0\u00bb;s:0:\u00a0\u00bb\u00a0\u00bb;s:41:\u00a0\u00bbblock-intro-description-signpost-subtitle\u00a0\u00bb;s:0:\u00a0\u00bb\u00a0\u00bb;s:36:\u00a0\u00bbblock-intro-description-signpost-url\u00a0\u00bb;s:0:\u00a0\u00bb\u00a0\u00bb;s:39:\u00a0\u00bbblock-intro-description-signpost-target\u00a0\u00bb;s:1:\u00a0\u00bb0&Prime;;}}<\/p>\n<h3>S\u00e9curit\u00e9 physique<\/h3>\n<h3>ARC ET VARC<\/h3>\n<h3>Souhaitez-vous en savoir savoir plus sur la r\u00e9duction des co\u00fbts d\u2019exploitation de votre bien\u00a0?<\/h3>\n<h3>Services de s\u00e9curit\u00e9 sp\u00e9cialis\u00e9s<\/h3>\n<h3>Audit de s\u00e9curit\u00e9<\/h3>\n<h3>SST et PF<\/h3>\n<h3>Vous n&rsquo;avez pas encore fait votre choix parmi la gamme de services?<\/h3>\n<h3>R\u00e9f\u00e9rences<\/h3>\n<\/div>\n<div class=\"d-none\" style=\"display: none;\">\n<h3>S\u00e9curit\u00e9<\/h3>\n<p>Notre \u00e9quipe d\u2019experts en s\u00e9curit\u00e9 assurera la s\u00e9curit\u00e9 compl\u00e8te de votre propri\u00e9t\u00e9. Nous offrons des services de s\u00e9curit\u00e9 des b\u00e2timents comme des personnes physiques. Saviez-vous, par exemple, qu\u2019il n\u2019est plus n\u00e9cessaire de payer un agent de s\u00e9curit\u00e9 pour la nuit et le week-end ? Gr\u00e2ce aux technologies modernes et aux syst\u00e8mes de cam\u00e9ras, nous surveillerons votre propri\u00e9t\u00e9 \u00e0 distance par le biais du centre de surveillance M2C Space.<\/p>\n<p>89573a:1:{i:0;a:5:{s:40:\u00a0\u00bbblock-intro-description-signpost-icon-id\u00a0\u00bb;s:0:\u00a0\u00bb\u00a0\u00bb;s:38:\u00a0\u00bbblock-intro-description-signpost-title\u00a0\u00bb;s:0:\u00a0\u00bb\u00a0\u00bb;s:41:\u00a0\u00bbblock-intro-description-signpost-subtitle\u00a0\u00bb;s:0:\u00a0\u00bb\u00a0\u00bb;s:36:\u00a0\u00bbblock-intro-description-signpost-url\u00a0\u00bb;s:0:\u00a0\u00bb\u00a0\u00bb;s:39:\u00a0\u00bbblock-intro-description-signpost-target\u00a0\u00bb;s:1:\u00a0\u00bb0&Prime;;}}<\/p>\n<h3>S\u00e9curit\u00e9 physique<\/h3>\n<h3>ARC ET VARC<\/h3>\n<h3>Souhaitez-vous en savoir savoir plus sur la r\u00e9duction des co\u00fbts d\u2019exploitation de votre bien\u00a0?<\/h3>\n<h3>Services de s\u00e9curit\u00e9 sp\u00e9cialis\u00e9s<\/h3>\n<h3>Audit de s\u00e9curit\u00e9<\/h3>\n<h3>SST et PF<\/h3>\n<h3>Vous n&rsquo;avez pas encore fait votre choix parmi la gamme de services?<\/h3>\n<h3>R\u00e9f\u00e9rences<\/h3>\n<\/div>\n<div class=\"d-none\" style=\"display: none;\">\n<h3>S\u00e9curit\u00e9<\/h3>\n<p>Notre \u00e9quipe d\u2019experts en s\u00e9curit\u00e9 assurera la s\u00e9curit\u00e9 compl\u00e8te de votre propri\u00e9t\u00e9. Nous offrons des services de s\u00e9curit\u00e9 des b\u00e2timents comme des personnes physiques. Saviez-vous, par exemple, qu\u2019il n\u2019est plus n\u00e9cessaire de payer un agent de s\u00e9curit\u00e9 pour la nuit et le week-end ? Gr\u00e2ce aux technologies modernes et aux syst\u00e8mes de cam\u00e9ras, nous surveillerons votre propri\u00e9t\u00e9 \u00e0 distance par le biais du centre de surveillance M2C Space.<\/p>\n<p>89573a:1:{i:0;a:5:{s:40:\u00a0\u00bbblock-intro-description-signpost-icon-id\u00a0\u00bb;s:0:\u00a0\u00bb\u00a0\u00bb;s:38:\u00a0\u00bbblock-intro-description-signpost-title\u00a0\u00bb;s:0:\u00a0\u00bb\u00a0\u00bb;s:41:\u00a0\u00bbblock-intro-description-signpost-subtitle\u00a0\u00bb;s:0:\u00a0\u00bb\u00a0\u00bb;s:36:\u00a0\u00bbblock-intro-description-signpost-url\u00a0\u00bb;s:0:\u00a0\u00bb\u00a0\u00bb;s:39:\u00a0\u00bbblock-intro-description-signpost-target\u00a0\u00bb;s:1:\u00a0\u00bb0&Prime;;}}<\/p>\n<h3>S\u00e9curit\u00e9 physique<\/h3>\n<h3>ARC ET VARC<\/h3>\n<h3>Souhaitez-vous en savoir savoir plus sur la r\u00e9duction des co\u00fbts d\u2019exploitation de votre bien\u00a0?<\/h3>\n<h3>Services de s\u00e9curit\u00e9 sp\u00e9cialis\u00e9s<\/h3>\n<h3>Audit de s\u00e9curit\u00e9<\/h3>\n<h3>SST et PF<\/h3>\n<h3>Vous n&rsquo;avez pas encore fait votre choix parmi la gamme de services?<\/h3>\n<h3>R\u00e9f\u00e9rences<\/h3>\n<\/div>\n<div class='d-none' style='display:none;'>\n<h3>S\u00e9curit\u00e9<\/h3>\n<p>Notre \u00e9quipe d\u2019experts en s\u00e9curit\u00e9 assurera la s\u00e9curit\u00e9 compl\u00e8te de votre propri\u00e9t\u00e9. Nous offrons des services de s\u00e9curit\u00e9 des b\u00e2timents comme des personnes physiques.<\/p>\n<p>89573a:1:{i:0;a:5:{s:40:\u00a0\u00bbblock-intro-description-signpost-icon-id\u00a0\u00bb;s:0:\u00a0\u00bb\u00a0\u00bb;s:38:\u00a0\u00bbblock-intro-description-signpost-title\u00a0\u00bb;s:0:\u00a0\u00bb\u00a0\u00bb;s:41:\u00a0\u00bbblock-intro-description-signpost-subtitle\u00a0\u00bb;s:0:\u00a0\u00bb\u00a0\u00bb;s:36:\u00a0\u00bbblock-intro-description-signpost-url\u00a0\u00bb;s:0:\u00a0\u00bb\u00a0\u00bb;s:39:\u00a0\u00bbblock-intro-description-signpost-target\u00a0\u00bb;s:1:\u00a0\u00bb0&Prime;;}}9010<\/p>\n<h3>S\u00e9curit\u00e9 physique<\/h3>\n<h3>ARC ET VARC<\/h3>\n<h3>Souhaitez-vous en savoir savoir plus sur la r\u00e9duction des co\u00fbts d\u2019exploitation de votre bien\u00a0?<\/h3>\n<h3>Services de s\u00e9curit\u00e9 sp\u00e9cialis\u00e9s<\/h3>\n<h3>Audit de s\u00e9curit\u00e9<\/h3>\n<h3>SST et PF<\/h3>\n<h3>Vous n&#39;avez pas encore fait votre choix parmi la gamme de services? <\/h3>\n<h3>R\u00e9f\u00e9rences<\/h3>\n<\/div>\n","protected":false},"excerpt":{"rendered":"<p>S\u00e9curit\u00e9 Notre \u00e9quipe d\u2019experts en s\u00e9curit\u00e9 assurera la s\u00e9curit\u00e9 compl\u00e8te de votre propri\u00e9t\u00e9. Nous offrons des services de s\u00e9curit\u00e9 des b\u00e2timents comme des personnes physiques. Saviez-vous, par exemple, qu\u2019il n\u2019est plus n\u00e9cessaire de payer un agent de s\u00e9curit\u00e9 pour la nuit et le week-end ? Gr\u00e2ce aux technologies modernes et aux syst\u00e8mes de cam\u00e9ras, nous&#8230;<\/p>\n","protected":false},"author":20,"featured_media":0,"parent":9111,"menu_order":0,"comment_status":"closed","ping_status":"closed","template":"pages\/page-blocks.php","meta":{"footnotes":""},"class_list":["post-9086","page","type-page","status-publish","hentry"],"yoast_head":"<!-- This site is optimized with the Yoast SEO plugin v27.4 - https:\/\/yoast.com\/product\/yoast-seo-wordpress\/ -->\n<title>S\u00e9curit\u00e9 | M2C<\/title>\n<meta name=\"robots\" content=\"noindex, follow, max-snippet:-1, max-image-preview:large, max-video-preview:-1\" \/>\n<meta property=\"og:locale\" content=\"fr_FR\" \/>\n<meta property=\"og:type\" content=\"article\" \/>\n<meta property=\"og:title\" content=\"S\u00e9curit\u00e9 | M2C\" \/>\n<meta property=\"og:description\" content=\"S\u00e9curit\u00e9 Notre \u00e9quipe d\u2019experts en s\u00e9curit\u00e9 assurera la s\u00e9curit\u00e9 compl\u00e8te de votre propri\u00e9t\u00e9. Nous offrons des services de s\u00e9curit\u00e9 des b\u00e2timents comme des personnes physiques. Saviez-vous, par exemple, qu\u2019il n\u2019est plus n\u00e9cessaire de payer un agent de s\u00e9curit\u00e9 pour la nuit et le week-end ? Gr\u00e2ce aux technologies modernes et aux syst\u00e8mes de cam\u00e9ras, nous...\" \/>\n<meta property=\"og:url\" content=\"https:\/\/m2c.rvltpreview.com\/be\/services\/securite\/\" \/>\n<meta property=\"og:site_name\" content=\"M2C\" \/>\n<meta property=\"article:modified_time\" content=\"2022-11-14T11:18:24+00:00\" \/>\n<meta property=\"og:image\" content=\"https:\/\/m2c.rvltpreview.com\/wp-content\/uploads\/2021\/09\/M2C_OG.jpg\" \/>\n\t<meta property=\"og:image:width\" content=\"1200\" \/>\n\t<meta property=\"og:image:height\" content=\"630\" \/>\n\t<meta property=\"og:image:type\" content=\"image\/jpeg\" \/>\n<meta name=\"twitter:card\" content=\"summary_large_image\" \/>\n<meta name=\"twitter:label1\" content=\"Dur\u00e9e de lecture est.\" \/>\n\t<meta name=\"twitter:data1\" content=\"5 minutes\" \/>\n<!-- \/ Yoast SEO plugin. -->","yoast_head_json":{"title":"S\u00e9curit\u00e9 | M2C","robots":{"index":"noindex","follow":"follow","max-snippet":"max-snippet:-1","max-image-preview":"max-image-preview:large","max-video-preview":"max-video-preview:-1"},"og_locale":"fr_FR","og_type":"article","og_title":"S\u00e9curit\u00e9 | M2C","og_description":"S\u00e9curit\u00e9 Notre \u00e9quipe d\u2019experts en s\u00e9curit\u00e9 assurera la s\u00e9curit\u00e9 compl\u00e8te de votre propri\u00e9t\u00e9. Nous offrons des services de s\u00e9curit\u00e9 des b\u00e2timents comme des personnes physiques. Saviez-vous, par exemple, qu\u2019il n\u2019est plus n\u00e9cessaire de payer un agent de s\u00e9curit\u00e9 pour la nuit et le week-end ? Gr\u00e2ce aux technologies modernes et aux syst\u00e8mes de cam\u00e9ras, nous...","og_url":"https:\/\/m2c.rvltpreview.com\/be\/services\/securite\/","og_site_name":"M2C","article_modified_time":"2022-11-14T11:18:24+00:00","og_image":[{"width":1200,"height":630,"url":"https:\/\/m2c.rvltpreview.com\/wp-content\/uploads\/2021\/09\/M2C_OG.jpg","type":"image\/jpeg"}],"twitter_card":"summary_large_image","twitter_misc":{"Dur\u00e9e de lecture est.":"5 minutes"},"schema":{"@context":"https:\/\/schema.org","@graph":[{"@type":"WebPage","@id":"https:\/\/m2c.rvltpreview.com\/be\/services\/securite\/","url":"https:\/\/m2c.rvltpreview.com\/be\/services\/securite\/","name":"S\u00e9curit\u00e9 | M2C","isPartOf":{"@id":"https:\/\/m2c.rvltpreview.com\/#website"},"datePublished":"2022-08-05T13:13:18+00:00","dateModified":"2022-11-14T11:18:24+00:00","breadcrumb":{"@id":"https:\/\/m2c.rvltpreview.com\/be\/services\/securite\/#breadcrumb"},"inLanguage":"fr-BE","potentialAction":[{"@type":"ReadAction","target":["https:\/\/m2c.rvltpreview.com\/be\/services\/securite\/"]}]},{"@type":"BreadcrumbList","@id":"https:\/\/m2c.rvltpreview.com\/be\/services\/securite\/#breadcrumb","itemListElement":[{"@type":"ListItem","position":1,"name":"\u00davod","item":"https:\/\/m2c.rvltpreview.com\/be\/"},{"@type":"ListItem","position":2,"name":"Services","item":"https:\/\/m2c.rvltpreview.com\/be\/services\/"},{"@type":"ListItem","position":3,"name":"S\u00e9curit\u00e9"}]},{"@type":"WebSite","@id":"https:\/\/m2c.rvltpreview.com\/#website","url":"https:\/\/m2c.rvltpreview.com\/","name":"M2C","description":"","publisher":{"@id":"https:\/\/m2c.rvltpreview.com\/#organization"},"potentialAction":[{"@type":"SearchAction","target":{"@type":"EntryPoint","urlTemplate":"https:\/\/m2c.rvltpreview.com\/?s={search_term_string}"},"query-input":{"@type":"PropertyValueSpecification","valueRequired":true,"valueName":"search_term_string"}}],"inLanguage":"fr-BE"},{"@type":"Organization","@id":"https:\/\/m2c.rvltpreview.com\/#organization","name":"M2C","url":"https:\/\/m2c.rvltpreview.com\/","logo":{"@type":"ImageObject","inLanguage":"fr-BE","@id":"https:\/\/m2c.rvltpreview.com\/#\/schema\/logo\/image\/","url":"https:\/\/www.m2c.eu\/wp-content\/uploads\/2021\/08\/logo-m2c.svg","contentUrl":"https:\/\/www.m2c.eu\/wp-content\/uploads\/2021\/08\/logo-m2c.svg","width":141,"height":40,"caption":"M2C"},"image":{"@id":"https:\/\/m2c.rvltpreview.com\/#\/schema\/logo\/image\/"}}]}},"_links":{"self":[{"href":"https:\/\/m2c.rvltpreview.com\/be\/wp-json\/wp\/v2\/pages\/9086","targetHints":{"allow":["GET"]}}],"collection":[{"href":"https:\/\/m2c.rvltpreview.com\/be\/wp-json\/wp\/v2\/pages"}],"about":[{"href":"https:\/\/m2c.rvltpreview.com\/be\/wp-json\/wp\/v2\/types\/page"}],"author":[{"embeddable":true,"href":"https:\/\/m2c.rvltpreview.com\/be\/wp-json\/wp\/v2\/users\/20"}],"replies":[{"embeddable":true,"href":"https:\/\/m2c.rvltpreview.com\/be\/wp-json\/wp\/v2\/comments?post=9086"}],"version-history":[{"count":9,"href":"https:\/\/m2c.rvltpreview.com\/be\/wp-json\/wp\/v2\/pages\/9086\/revisions"}],"predecessor-version":[{"id":10177,"href":"https:\/\/m2c.rvltpreview.com\/be\/wp-json\/wp\/v2\/pages\/9086\/revisions\/10177"}],"up":[{"embeddable":true,"href":"https:\/\/m2c.rvltpreview.com\/be\/wp-json\/wp\/v2\/pages\/9111"}],"wp:attachment":[{"href":"https:\/\/m2c.rvltpreview.com\/be\/wp-json\/wp\/v2\/media?parent=9086"}],"curies":[{"name":"wp","href":"https:\/\/api.w.org\/{rel}","templated":true}]}}