{"id":9282,"date":"2022-08-08T10:58:55","date_gmt":"2022-08-08T08:58:55","guid":{"rendered":"https:\/\/www.m2c.eu\/?page_id=9282"},"modified":"2022-08-09T09:49:39","modified_gmt":"2022-08-09T07:49:39","slug":"informations-destinees-aux-partenaires-contractuels-sur-le-traitement-des-donnees-personnelles","status":"publish","type":"page","link":"https:\/\/m2c.rvltpreview.com\/be\/informations-destinees-aux-partenaires-contractuels-sur-le-traitement-des-donnees-personnelles\/","title":{"rendered":"Informations destin\u00e9es aux partenaires contractuels sur le traitement des donn\u00e9es personnelles"},"content":{"rendered":"<p>conform\u00e9ment au r\u00e8glement (UE) 2016\/679 du Parlement europ\u00e9en et du Conseil, le r\u00e8glement g\u00e9n\u00e9ral sur la protection des donn\u00e9es personnelles (RGPD).<\/p>\n<p>Chers visiteurs du site web de Mark2 Corporation (M2C), nous vous remercions de l&rsquo;int\u00e9r\u00eat que vous portez \u00e0 nos activit\u00e9s et services. Afin que vous soyez pleinement inform\u00e9s, permettez-nous de vous informer sur les donn\u00e9es qui sont collect\u00e9es lors de votre visite sur notre site et pour quoi et comment elles sont trait\u00e9es.<\/p>\n<p><strong>Informations de base sur le traitement des donn\u00e9es personnelles :<\/strong><\/p>\n<p>Le responsable du traitement des donn\u00e9es personnelles obtenues lors de votre visite sur notre site est notre soci\u00e9t\u00e9 Mark2 Corporation Czech a.s., BID : 257 19 751, dont le si\u00e8ge social est situ\u00e9 \u00e0 Vladislavova 17, 110 00 Prague 1. Vous pouvez nous contacter \u00e0 Mark2 Corporation Czech a.s., Vladislavova 17, 110 00 Prague 1.<\/p>\n<p>Comme l&rsquo;ampleur de nos autres activit\u00e9s l&rsquo;exige, nous avons \u00e9galement nomm\u00e9 un d\u00e9l\u00e9gu\u00e9 \u00e0 la protection des donn\u00e9es personnelles.<\/p>\n<p>Vous pouvez \u00e9galement y avoir recours :<br \/>\nContact du d\u00e9l\u00e9gu\u00e9 \u00e0 la protection des donn\u00e9es : cz.dpo@m2c.eu.<\/p>\n<p>Lorsque vous visitez notre site web, nos serveurs web stockent temporairement les donn\u00e9es de connexion de l&rsquo;appareil interrogateur.<\/p>\n<p>Vos nom, adresse et autres coordonn\u00e9es ne sont pas enregistr\u00e9s, sauf si vous nous fournissez un des formulaires plac\u00e9s sur notre site web. Lors de votre visite, nous enregistrons donc les donn\u00e9es suivantes :<\/p>\n<ul style=\"list-style-type: disc;\">\n<li>la date et l&rsquo;heure de votre visite sur notre site web,<\/li>\n<li>les pages du site web visit\u00e9es,<\/li>\n<li>des informations sur le type de navigateur et le syst\u00e8me d&rsquo;exploitation,<\/li>\n<li>les sites web par lesquels vous avez visit\u00e9 notre site web.<\/li>\n<\/ul>\n<p>En cas de traitement \u00e0 l&rsquo;aide d&rsquo;autres outils web, d&rsquo;autres donn\u00e9es peuvent \u00e9galement \u00eatre trait\u00e9es ; leur \u00e9tendue est alors pr\u00e9cis\u00e9e pour les informations individuelles \u00e0 l&rsquo;outil web.<\/p>\n<p>Nous traitons les donn\u00e9es personnelles obtenues dans la mesure o\u00f9 cela est n\u00e9cessaire aux fins de nos int\u00e9r\u00eats l\u00e9gitimes tels que la s\u00e9curit\u00e9 du syst\u00e8me, la gestion technique et l&rsquo;optimisation du fonctionnement et de la recherche de notre site web, et \u00e9galement sur la base de votre consentement r\u00e9sultant des param\u00e8tres de votre navigateur pour une offre plus avanc\u00e9e de nos services et l&rsquo;\u00e9valuation des statistiques de trafic.<\/p>\n<p>La dur\u00e9e de conservation des donn\u00e9es personnelles g\u00e9n\u00e9r\u00e9es lors d&rsquo;une visite est d\u00e9termin\u00e9e par les objectifs individuels du traitement, mais elle est toujours limit\u00e9e \u00e0 la p\u00e9riode de temps absolument n\u00e9cessaire.<\/p>\n<p>Nous ne transf\u00e9rons pas de donn\u00e9es personnelles \u00e0 des pays tiers ou \u00e0 d&rsquo;autres destinataires, \u00e0 l&rsquo;exception de nos sous-traitants externes auxquels nous faisons appel pour assurer la s\u00e9curit\u00e9 du syst\u00e8me, la maintenance technique et le fonctionnement de nos sites web et de la publicit\u00e9 en ligne. Nous obligeons \u00e9galement ces sous-traitants \u00e0 respecter toutes les r\u00e8gles r\u00e9gissant le traitement des donn\u00e9es \u00e0 caract\u00e8re personnel et \u00e0 maintenir la confidentialit\u00e9.<\/p>\n<p>Lors du traitement de toutes les donn\u00e9es personnelles susmentionn\u00e9es, nous veillons toujours \u00e0 respecter les principes fondamentaux de l&rsquo;article 6 du GDPR. La s\u00e9curit\u00e9 des donn\u00e9es personnelles est assur\u00e9e par des mesures organisationnelles et techniques adopt\u00e9es conform\u00e9ment aux r\u00e9glementations l\u00e9gales pour emp\u00eacher la destruction, la perte, l&rsquo;alt\u00e9ration, la divulgation non autoris\u00e9e ou l&rsquo;acc\u00e8s non autoris\u00e9 aux donn\u00e9es personnelles transmises, stock\u00e9es ou autrement trait\u00e9es. Tous nos collaborateurs sont tenus au secret sur les faits qu&rsquo;ils d\u00e9couvrent dans le cadre de leur travail. Les sites web utilisent une communication s\u00e9curis\u00e9e (protocole HTTPS).<\/p>\n<h2><strong>Vos droits en tant que personne concern\u00e9e<\/strong><\/h2>\n<p>En tant que personne concern\u00e9e, vous avez le droit d&rsquo;acc\u00e9der aux donn\u00e9es personnelles qui vous concernent et qui sont trait\u00e9es par nous, en tant que responsable du traitement ; vous avez le droit de demander des corrections, de vous opposer au traitement ou d&rsquo;exiger des restrictions de traitement si vous constatez que les donn\u00e9es sont incorrectes ou trait\u00e9es en violation de la loi. Dans certains cas, vous pouvez \u00e9galement nous demander des informations personnelles dans un format structur\u00e9, couramment utilis\u00e9 et lisible par machine, et de les transmettre \u00e0 un autre responsable du traitement, ou vous avez le droit de ne pas faire l&rsquo;objet d&rsquo;une d\u00e9cision fond\u00e9e uniquement sur une d\u00e9cision automatis\u00e9e sans activit\u00e9 humaine. Vous pouvez faire valoir tous vos droits aupr\u00e8s du d\u00e9l\u00e9gu\u00e9 \u00e0 la protection des donn\u00e9es personnelles \u00e0 l&rsquo;adresse \u00e9lectronique ci-dessus ou par \u00e9crit \u00e0 l&rsquo;adresse de contact de notre responsable du traitement.<\/p>\n<p>Si vous pensez que le traitement de vos donn\u00e9es personnelles viole le GDPR, vous avez le droit de d\u00e9poser une plainte aupr\u00e8s de l&rsquo;autorit\u00e9 de surveillance. Vous pouvez trouver le contact ici.<\/p>\n<h2><strong>Utilisation de cookies<\/strong><\/h2>\n<p>Notre site web utilise des cookies, qui sont de petits fichiers texte que certains sites web stockent sur votre ordinateur. Le placement de cookies sur notre site web a pour but d&rsquo;am\u00e9liorer l&rsquo;utilisation de notre site web, d&rsquo;accro\u00eetre le confort et l&rsquo;efficacit\u00e9 des utilisateurs, ce qui se traduit par une utilisation optimale de notre site web. Le contenu du cookie se limite au num\u00e9ro d&rsquo;identification ; les informations personnelles telles que votre nom, votre adresse IP, etc. ne seront pas stock\u00e9es par ce biais.<\/p>\n<p>L&rsquo;utilisation de nos sites web est possible sans cookies en les d\u00e9sactivant via votre navigateur, en limitant les cookies \u00e0 certains sites web ou en envoyant une notification de cookies. Vous pouvez \u00e9galement supprimer les cookies de votre ordinateur ou de tout autre dispositif terminal. Toutefois, en limitant l&rsquo;utilisation des cookies par nos sites web, vous devez vous attendre \u00e0 une pr\u00e9sentation limit\u00e9e des pages et \u00e0 des limitations des instructions d&rsquo;utilisation.<\/p>\n<h2><strong>Liens vers les r\u00e9seaux sociaux<\/strong><\/h2>\n<p>En utilisant un lien vers des r\u00e9seaux sociaux &#8211; tels que Facebook, Instagram, Twitter, Google Plus, etc. &#8211; nous fournissons \u00e0 ces fournisseurs de r\u00e9seaux sociaux des donn\u00e9es personnelles (certains fournisseurs sont bas\u00e9s dans des pays tiers, comme les \u00c9tats-Unis). Nous n&rsquo;interagissons pas avec ces r\u00e9seaux sociaux sur notre site web et les pictogrammes utilis\u00e9s ne sont que des liens qui facilitent l&rsquo;acc\u00e8s \u00e0 nos profils.<\/p>\n<h2><strong>Liens vers des sites tiers<\/strong><\/h2>\n<p>Des liens vers des sites web de tiers peuvent appara\u00eetre sur notre site. Bien que ces sites aient fait l&rsquo;objet de v\u00e9rifications approfondies avant de les relier, M2C n&rsquo;a aucune influence sur le contenu de ces sites web et il ne peut \u00eatre exclu que leur contenu change.<\/p>\n<p>En utilisant un lien vers des sites Web tiers, vos informations personnelles peuvent \u00eatre fournies aux op\u00e9rateurs de ces sites Web. M2C n&rsquo;a aucune influence sur cette collecte de donn\u00e9es personnelles sur des sites Web tiers et ne peut donc pas garantir la l\u00e9galit\u00e9 du traitement des donn\u00e9es personnelles sur ces sites Web.<\/p>\n<h2><strong>Google Analytics<\/strong><\/h2>\n<p>Notre site Web utilise \u00e9galement les services de Google Analytics qui, toutefois, n&rsquo;utilisent pas directement vos donn\u00e9es personnelles. Pour plus d&rsquo;informations sur ce service et les options de param\u00e9trage, veuillez consulter le site <a href=\"https:\/\/support.google.com\/analytics\/answer\/6004245?hl=cs&amp;ref_topic=2919631\" target=\"_blank\" rel=\"noopener\">https:\/\/support.google.com\/analytics\/answer\/6004245?hl=cs&amp;ref_topic=2919631<\/a>.<\/p>\n<h2><strong>Reciblage<\/strong><\/h2>\n<p>Notre site web utilise la technologie de reciblage de Sklik, exploit\u00e9e par Seznam.cz, a.s. Cela nous permet de montrer aux visiteurs qui ont d\u00e9j\u00e0 montr\u00e9 de l&rsquo;int\u00e9r\u00eat pour nos produits nos publicit\u00e9s dans le r\u00e9seau Seznam.cz. Selon Seznam.cz, a.s., aucune donn\u00e9e personnelle n&rsquo;est collect\u00e9e dans ce processus. Vous trouverez de plus amples informations ici <a href=\"http:\/\/www.imedia.cz\/\" target=\"_blank\" rel=\"noopener\">http:\/\/www.imedia.cz\/<\/a><\/p>\n<p>Pour plus d&rsquo;informations et les moyens de ne pas faire partie d&rsquo;une publicit\u00e9 comportementale, voir \u00e9galement <a href=\"http:\/\/www.youronlinechoices.com\/\" target=\"_blank\" rel=\"noopener\">http:\/\/www.youronlinechoices.com\/<\/a>.<\/p>\n","protected":false},"excerpt":{"rendered":"<p>conform\u00e9ment au r\u00e8glement (UE) 2016\/679 du Parlement europ\u00e9en et du Conseil, le r\u00e8glement g\u00e9n\u00e9ral sur la protection des donn\u00e9es personnelles (RGPD). Chers visiteurs du site web de Mark2 Corporation (M2C), nous vous remercions de l&rsquo;int\u00e9r\u00eat que vous portez \u00e0 nos activit\u00e9s et services. Afin que vous soyez pleinement inform\u00e9s, permettez-nous de vous informer sur les&#8230;<\/p>\n","protected":false},"author":20,"featured_media":0,"parent":0,"menu_order":0,"comment_status":"closed","ping_status":"closed","template":"","meta":{"footnotes":""},"class_list":["post-9282","page","type-page","status-publish","hentry"],"yoast_head":"<!-- This site is optimized with the Yoast SEO plugin v27.4 - https:\/\/yoast.com\/product\/yoast-seo-wordpress\/ -->\n<title>Informations destin\u00e9es aux partenaires contractuels sur le traitement des donn\u00e9es personnelles | M2C<\/title>\n<meta name=\"robots\" content=\"noindex, follow, max-snippet:-1, max-image-preview:large, max-video-preview:-1\" \/>\n<meta property=\"og:locale\" content=\"fr_FR\" \/>\n<meta property=\"og:type\" content=\"article\" \/>\n<meta property=\"og:title\" content=\"Informations destin\u00e9es aux partenaires contractuels sur le traitement des donn\u00e9es personnelles | M2C\" \/>\n<meta property=\"og:description\" content=\"conform\u00e9ment au r\u00e8glement (UE) 2016\/679 du Parlement europ\u00e9en et du Conseil, le r\u00e8glement g\u00e9n\u00e9ral sur la protection des donn\u00e9es personnelles (RGPD). Chers visiteurs du site web de Mark2 Corporation (M2C), nous vous remercions de l&rsquo;int\u00e9r\u00eat que vous portez \u00e0 nos activit\u00e9s et services. Afin que vous soyez pleinement inform\u00e9s, permettez-nous de vous informer sur les...\" \/>\n<meta property=\"og:url\" content=\"https:\/\/m2c.rvltpreview.com\/be\/informations-destinees-aux-partenaires-contractuels-sur-le-traitement-des-donnees-personnelles\/\" \/>\n<meta property=\"og:site_name\" content=\"M2C\" \/>\n<meta property=\"article:modified_time\" content=\"2022-08-09T07:49:39+00:00\" \/>\n<meta property=\"og:image\" content=\"https:\/\/m2c.rvltpreview.com\/wp-content\/uploads\/2021\/09\/M2C_OG.jpg\" \/>\n\t<meta property=\"og:image:width\" content=\"1200\" \/>\n\t<meta property=\"og:image:height\" content=\"630\" \/>\n\t<meta property=\"og:image:type\" content=\"image\/jpeg\" \/>\n<meta name=\"twitter:card\" content=\"summary_large_image\" \/>\n<meta name=\"twitter:label1\" content=\"Dur\u00e9e de lecture est.\" \/>\n\t<meta name=\"twitter:data1\" content=\"7 minutes\" \/>\n<!-- \/ Yoast SEO plugin. -->","yoast_head_json":{"title":"Informations destin\u00e9es aux partenaires contractuels sur le traitement des donn\u00e9es personnelles | M2C","robots":{"index":"noindex","follow":"follow","max-snippet":"max-snippet:-1","max-image-preview":"max-image-preview:large","max-video-preview":"max-video-preview:-1"},"og_locale":"fr_FR","og_type":"article","og_title":"Informations destin\u00e9es aux partenaires contractuels sur le traitement des donn\u00e9es personnelles | M2C","og_description":"conform\u00e9ment au r\u00e8glement (UE) 2016\/679 du Parlement europ\u00e9en et du Conseil, le r\u00e8glement g\u00e9n\u00e9ral sur la protection des donn\u00e9es personnelles (RGPD). Chers visiteurs du site web de Mark2 Corporation (M2C), nous vous remercions de l&rsquo;int\u00e9r\u00eat que vous portez \u00e0 nos activit\u00e9s et services. Afin que vous soyez pleinement inform\u00e9s, permettez-nous de vous informer sur les...","og_url":"https:\/\/m2c.rvltpreview.com\/be\/informations-destinees-aux-partenaires-contractuels-sur-le-traitement-des-donnees-personnelles\/","og_site_name":"M2C","article_modified_time":"2022-08-09T07:49:39+00:00","og_image":[{"width":1200,"height":630,"url":"https:\/\/m2c.rvltpreview.com\/wp-content\/uploads\/2021\/09\/M2C_OG.jpg","type":"image\/jpeg"}],"twitter_card":"summary_large_image","twitter_misc":{"Dur\u00e9e de lecture est.":"7 minutes"},"schema":{"@context":"https:\/\/schema.org","@graph":[{"@type":"WebPage","@id":"https:\/\/m2c.rvltpreview.com\/be\/informations-destinees-aux-partenaires-contractuels-sur-le-traitement-des-donnees-personnelles\/","url":"https:\/\/m2c.rvltpreview.com\/be\/informations-destinees-aux-partenaires-contractuels-sur-le-traitement-des-donnees-personnelles\/","name":"Informations destin\u00e9es aux partenaires contractuels sur le traitement des donn\u00e9es personnelles | M2C","isPartOf":{"@id":"https:\/\/m2c.rvltpreview.com\/#website"},"datePublished":"2022-08-08T08:58:55+00:00","dateModified":"2022-08-09T07:49:39+00:00","breadcrumb":{"@id":"https:\/\/m2c.rvltpreview.com\/be\/informations-destinees-aux-partenaires-contractuels-sur-le-traitement-des-donnees-personnelles\/#breadcrumb"},"inLanguage":"fr-BE","potentialAction":[{"@type":"ReadAction","target":["https:\/\/m2c.rvltpreview.com\/be\/informations-destinees-aux-partenaires-contractuels-sur-le-traitement-des-donnees-personnelles\/"]}]},{"@type":"BreadcrumbList","@id":"https:\/\/m2c.rvltpreview.com\/be\/informations-destinees-aux-partenaires-contractuels-sur-le-traitement-des-donnees-personnelles\/#breadcrumb","itemListElement":[{"@type":"ListItem","position":1,"name":"\u00davod","item":"https:\/\/m2c.rvltpreview.com\/be\/"},{"@type":"ListItem","position":2,"name":"Informations destin\u00e9es aux partenaires contractuels sur le traitement des donn\u00e9es personnelles"}]},{"@type":"WebSite","@id":"https:\/\/m2c.rvltpreview.com\/#website","url":"https:\/\/m2c.rvltpreview.com\/","name":"M2C","description":"","publisher":{"@id":"https:\/\/m2c.rvltpreview.com\/#organization"},"potentialAction":[{"@type":"SearchAction","target":{"@type":"EntryPoint","urlTemplate":"https:\/\/m2c.rvltpreview.com\/?s={search_term_string}"},"query-input":{"@type":"PropertyValueSpecification","valueRequired":true,"valueName":"search_term_string"}}],"inLanguage":"fr-BE"},{"@type":"Organization","@id":"https:\/\/m2c.rvltpreview.com\/#organization","name":"M2C","url":"https:\/\/m2c.rvltpreview.com\/","logo":{"@type":"ImageObject","inLanguage":"fr-BE","@id":"https:\/\/m2c.rvltpreview.com\/#\/schema\/logo\/image\/","url":"https:\/\/www.m2c.eu\/wp-content\/uploads\/2021\/08\/logo-m2c.svg","contentUrl":"https:\/\/www.m2c.eu\/wp-content\/uploads\/2021\/08\/logo-m2c.svg","width":141,"height":40,"caption":"M2C"},"image":{"@id":"https:\/\/m2c.rvltpreview.com\/#\/schema\/logo\/image\/"}}]}},"_links":{"self":[{"href":"https:\/\/m2c.rvltpreview.com\/be\/wp-json\/wp\/v2\/pages\/9282","targetHints":{"allow":["GET"]}}],"collection":[{"href":"https:\/\/m2c.rvltpreview.com\/be\/wp-json\/wp\/v2\/pages"}],"about":[{"href":"https:\/\/m2c.rvltpreview.com\/be\/wp-json\/wp\/v2\/types\/page"}],"author":[{"embeddable":true,"href":"https:\/\/m2c.rvltpreview.com\/be\/wp-json\/wp\/v2\/users\/20"}],"replies":[{"embeddable":true,"href":"https:\/\/m2c.rvltpreview.com\/be\/wp-json\/wp\/v2\/comments?post=9282"}],"version-history":[{"count":6,"href":"https:\/\/m2c.rvltpreview.com\/be\/wp-json\/wp\/v2\/pages\/9282\/revisions"}],"predecessor-version":[{"id":9410,"href":"https:\/\/m2c.rvltpreview.com\/be\/wp-json\/wp\/v2\/pages\/9282\/revisions\/9410"}],"wp:attachment":[{"href":"https:\/\/m2c.rvltpreview.com\/be\/wp-json\/wp\/v2\/media?parent=9282"}],"curies":[{"name":"wp","href":"https:\/\/api.w.org\/{rel}","templated":true}]}}