{"id":468,"date":"2021-09-22T05:25:59","date_gmt":"2021-09-22T03:25:59","guid":{"rendered":"https:\/\/www.m2c.eu\/?page_id=468"},"modified":"2021-11-15T12:29:54","modified_gmt":"2021-11-15T11:29:54","slug":"public-administration","status":"publish","type":"page","link":"https:\/\/m2c.rvltpreview.com\/en\/services\/public-administration\/","title":{"rendered":"Public administration"},"content":{"rendered":"<div class='d-none'>\n<h3>Public administration<\/h3>\n<p>Ve\u0159ejn\u00e9mu sektoru poskytujeme komplexn\u00ed p\u00e9\u010di o bezprobl\u00e9mov\u00fd provoz objektu. Zakl\u00e1d\u00e1me si na tom, \u017ee nejlep\u0161\u00ed \u0159e\u0161en\u00ed vych\u00e1z\u00ed ze spr\u00e1vn\u00e9ho propojen\u00ed modern\u00edch technologi\u00ed a spolehliv\u00fdch zam\u011bstnanc\u016f. D\u00edky tomu jsme schopni zabezpe\u010dit hladk\u00fd provoz budovy a sn\u00ed\u017eit provozn\u00ed n\u00e1klady ve\u0159ejn\u00fdch instituc\u00ed.<\/p>\n<p>145187a:3:{i:0;a:4:{s:40:&#8221;block-intro-description-signpost-icon-id&#8221;;s:3:&#8221;179&#8243;;s:38:&#8221;block-intro-description-signpost-title&#8221;;s:8:&#8221;SMARTech&#8221;;s:41:&#8221;block-intro-description-signpost-subtitle&#8221;;s:17:&#8221;pro spr\u00e1vu budov&#8221;;s:36:&#8221;block-intro-description-signpost-url&#8221;;s:24:&#8221;https:\/\/www.m2cspace.eu\/&#8221;;}i:1;a:4:{s:40:&#8221;block-intro-description-signpost-icon-id&#8221;;s:3:&#8221;181&#8243;;s:38:&#8221;block-intro-description-signpost-title&#8221;;s:19:&#8221;Building management&#8221;;s:41:&#8221;block-intro-description-signpost-subtitle&#8221;;s:0:&#8221;&#8221;;s:36:&#8221;block-intro-description-signpost-url&#8221;;s:52:&#8221;https:\/\/www.m2c.eu\/en\/services\/building-maintenance\/&#8221;;}i:2;a:4:{s:40:&#8221;block-intro-description-signpost-icon-id&#8221;;s:3:&#8221;171&#8243;;s:38:&#8221;block-intro-description-signpost-title&#8221;;s:8:&#8221;SECURITY&#8221;;s:41:&#8221;block-intro-description-signpost-subtitle&#8221;;s:0:&#8221;&#8221;;s:36:&#8221;block-intro-description-signpost-url&#8221;;s:40:&#8221;https:\/\/www.m2c.eu\/en\/services\/security\/&#8221;;}}3<\/p>\n<h3>SMARTech smart building management technologies<\/h3>\n<h3>Building management<\/h3>\n<h3>Security<\/h3>\n<h3>Have you not chosen from the offer of services? <\/h3>\n<h3>References<\/h3>\n<\/div>\n<div class='d-none'>\n<h3>Public administration<\/h3>\n<p>Ve\u0159ejn\u00e9mu sektoru poskytujeme komplexn\u00ed p\u00e9\u010di o bezprobl\u00e9mov\u00fd provoz objektu. Zakl\u00e1d\u00e1me si na tom, \u017ee nejlep\u0161\u00ed \u0159e\u0161en\u00ed vych\u00e1z\u00ed ze spr\u00e1vn\u00e9ho propojen\u00ed modern\u00edch technologi\u00ed a spolehliv\u00fdch zam\u011bstnanc\u016f. D\u00edky tomu jsme schopni zabezpe\u010dit hladk\u00fd provoz budovy a sn\u00ed\u017eit provozn\u00ed n\u00e1klady ve\u0159ejn\u00fdch instituc\u00ed.<\/p>\n<p>145187a:3:{i:0;a:4:{s:40:&#8221;block-intro-description-signpost-icon-id&#8221;;s:3:&#8221;179&#8243;;s:38:&#8221;block-intro-description-signpost-title&#8221;;s:8:&#8221;SMARTech&#8221;;s:41:&#8221;block-intro-description-signpost-subtitle&#8221;;s:17:&#8221;pro spr\u00e1vu budov&#8221;;s:36:&#8221;block-intro-description-signpost-url&#8221;;s:24:&#8221;https:\/\/www.m2cspace.eu\/&#8221;;}i:1;a:4:{s:40:&#8221;block-intro-description-signpost-icon-id&#8221;;s:3:&#8221;181&#8243;;s:38:&#8221;block-intro-description-signpost-title&#8221;;s:19:&#8221;Building management&#8221;;s:41:&#8221;block-intro-description-signpost-subtitle&#8221;;s:0:&#8221;&#8221;;s:36:&#8221;block-intro-description-signpost-url&#8221;;s:52:&#8221;https:\/\/www.m2c.eu\/en\/services\/building-maintenance\/&#8221;;}i:2;a:4:{s:40:&#8221;block-intro-description-signpost-icon-id&#8221;;s:3:&#8221;171&#8243;;s:38:&#8221;block-intro-description-signpost-title&#8221;;s:8:&#8221;SECURITY&#8221;;s:41:&#8221;block-intro-description-signpost-subtitle&#8221;;s:0:&#8221;&#8221;;s:36:&#8221;block-intro-description-signpost-url&#8221;;s:40:&#8221;https:\/\/www.m2c.eu\/en\/services\/security\/&#8221;;}}3<\/p>\n<h3>SMARTech smart building management technologies<\/h3>\n<h3>Building management<\/h3>\n<h3>Security<\/h3>\n<h3>Have you not chosen from the offer of services? <\/h3>\n<h3>References<\/h3>\n<\/div>\n","protected":false},"excerpt":{"rendered":"<p>Public administration Ve\u0159ejn\u00e9mu sektoru poskytujeme komplexn\u00ed p\u00e9\u010di o bezprobl\u00e9mov\u00fd provoz objektu. Zakl\u00e1d\u00e1me si na tom, \u017ee nejlep\u0161\u00ed \u0159e\u0161en\u00ed vych\u00e1z\u00ed ze spr\u00e1vn\u00e9ho propojen\u00ed modern\u00edch technologi\u00ed a spolehliv\u00fdch zam\u011bstnanc\u016f. D\u00edky tomu jsme schopni zabezpe\u010dit hladk\u00fd provoz budovy a sn\u00ed\u017eit provozn\u00ed n\u00e1klady ve\u0159ejn\u00fdch instituc\u00ed. 145187a:3:{i:0;a:4:{s:40:&#8221;block-intro-description-signpost-icon-id&#8221;;s:3:&#8221;179&#8243;;s:38:&#8221;block-intro-description-signpost-title&#8221;;s:8:&#8221;SMARTech&#8221;;s:41:&#8221;block-intro-description-signpost-subtitle&#8221;;s:17:&#8221;pro spr\u00e1vu budov&#8221;;s:36:&#8221;block-intro-description-signpost-url&#8221;;s:24:&#8221;https:\/\/www.m2cspace.eu\/&#8221;;}i:1;a:4:{s:40:&#8221;block-intro-description-signpost-icon-id&#8221;;s:3:&#8221;181&#8243;;s:38:&#8221;block-intro-description-signpost-title&#8221;;s:19:&#8221;Building management&#8221;;s:41:&#8221;block-intro-description-signpost-subtitle&#8221;;s:0:&#8221;&#8221;;s:36:&#8221;block-intro-description-signpost-url&#8221;;s:52:&#8221;https:\/\/www.m2c.eu\/en\/services\/building-maintenance\/&#8221;;}i:2;a:4:{s:40:&#8221;block-intro-description-signpost-icon-id&#8221;;s:3:&#8221;171&#8243;;s:38:&#8221;block-intro-description-signpost-title&#8221;;s:8:&#8221;SECURITY&#8221;;s:41:&#8221;block-intro-description-signpost-subtitle&#8221;;s:0:&#8221;&#8221;;s:36:&#8221;block-intro-description-signpost-url&#8221;;s:40:&#8221;https:\/\/www.m2c.eu\/en\/services\/security\/&#8221;;}}3 SMARTech smart building management technologies Building management Security Have you&#8230;<\/p>\n","protected":false},"author":20,"featured_media":0,"parent":453,"menu_order":0,"comment_status":"closed","ping_status":"closed","template":"pages\/page-blocks.php","meta":{"footnotes":""},"class_list":["post-468","page","type-page","status-publish","hentry"],"yoast_head":"<!-- This site is optimized with the Yoast SEO plugin v27.4 - https:\/\/yoast.com\/product\/yoast-seo-wordpress\/ -->\n<title>Public administration | M2C<\/title>\n<meta name=\"robots\" content=\"noindex, follow, max-snippet:-1, max-image-preview:large, max-video-preview:-1\" \/>\n<meta property=\"og:locale\" content=\"en_US\" \/>\n<meta property=\"og:type\" content=\"article\" \/>\n<meta property=\"og:title\" content=\"Public administration | M2C\" \/>\n<meta property=\"og:description\" content=\"Public administration Ve\u0159ejn\u00e9mu sektoru poskytujeme komplexn\u00ed p\u00e9\u010di o bezprobl\u00e9mov\u00fd provoz objektu. Zakl\u00e1d\u00e1me si na tom, \u017ee nejlep\u0161\u00ed \u0159e\u0161en\u00ed vych\u00e1z\u00ed ze spr\u00e1vn\u00e9ho propojen\u00ed modern\u00edch technologi\u00ed a spolehliv\u00fdch zam\u011bstnanc\u016f. D\u00edky tomu jsme schopni zabezpe\u010dit hladk\u00fd provoz budovy a sn\u00ed\u017eit provozn\u00ed n\u00e1klady ve\u0159ejn\u00fdch instituc\u00ed. 145187a:3:{i:0;a:4:{s:40:&#8221;block-intro-description-signpost-icon-id&#8221;;s:3:&#8221;179&#8243;;s:38:&#8221;block-intro-description-signpost-title&#8221;;s:8:&#8221;SMARTech&#8221;;s:41:&#8221;block-intro-description-signpost-subtitle&#8221;;s:17:&#8221;pro spr\u00e1vu budov&#8221;;s:36:&#8221;block-intro-description-signpost-url&#8221;;s:24:&#8221;https:\/\/www.m2cspace.eu\/&#8221;;}i:1;a:4:{s:40:&#8221;block-intro-description-signpost-icon-id&#8221;;s:3:&#8221;181&#8243;;s:38:&#8221;block-intro-description-signpost-title&#8221;;s:19:&#8221;Building management&#8221;;s:41:&#8221;block-intro-description-signpost-subtitle&#8221;;s:0:&#8221;&#8221;;s:36:&#8221;block-intro-description-signpost-url&#8221;;s:52:&#8221;https:\/\/www.m2c.eu\/en\/services\/building-maintenance\/&#8221;;}i:2;a:4:{s:40:&#8221;block-intro-description-signpost-icon-id&#8221;;s:3:&#8221;171&#8243;;s:38:&#8221;block-intro-description-signpost-title&#8221;;s:8:&#8221;SECURITY&#8221;;s:41:&#8221;block-intro-description-signpost-subtitle&#8221;;s:0:&#8221;&#8221;;s:36:&#8221;block-intro-description-signpost-url&#8221;;s:40:&#8221;https:\/\/www.m2c.eu\/en\/services\/security\/&#8221;;}}3 SMARTech smart building management technologies Building management Security Have you...\" \/>\n<meta property=\"og:url\" content=\"https:\/\/m2c.rvltpreview.com\/en\/services\/public-administration\/\" \/>\n<meta property=\"og:site_name\" content=\"M2C\" \/>\n<meta property=\"article:modified_time\" content=\"2021-11-15T11:29:54+00:00\" \/>\n<meta property=\"og:image\" content=\"https:\/\/m2c.rvltpreview.com\/wp-content\/uploads\/2021\/09\/M2C_OG.jpg\" \/>\n\t<meta property=\"og:image:width\" content=\"1200\" \/>\n\t<meta property=\"og:image:height\" content=\"630\" \/>\n\t<meta property=\"og:image:type\" content=\"image\/jpeg\" \/>\n<meta name=\"twitter:card\" content=\"summary_large_image\" \/>\n<meta name=\"twitter:label1\" content=\"Est. reading time\" \/>\n\t<meta name=\"twitter:data1\" content=\"1 minute\" \/>\n<!-- \/ Yoast SEO plugin. -->","yoast_head_json":{"title":"Public administration | M2C","robots":{"index":"noindex","follow":"follow","max-snippet":"max-snippet:-1","max-image-preview":"max-image-preview:large","max-video-preview":"max-video-preview:-1"},"og_locale":"en_US","og_type":"article","og_title":"Public administration | M2C","og_description":"Public administration Ve\u0159ejn\u00e9mu sektoru poskytujeme komplexn\u00ed p\u00e9\u010di o bezprobl\u00e9mov\u00fd provoz objektu. Zakl\u00e1d\u00e1me si na tom, \u017ee nejlep\u0161\u00ed \u0159e\u0161en\u00ed vych\u00e1z\u00ed ze spr\u00e1vn\u00e9ho propojen\u00ed modern\u00edch technologi\u00ed a spolehliv\u00fdch zam\u011bstnanc\u016f. D\u00edky tomu jsme schopni zabezpe\u010dit hladk\u00fd provoz budovy a sn\u00ed\u017eit provozn\u00ed n\u00e1klady ve\u0159ejn\u00fdch instituc\u00ed. 145187a:3:{i:0;a:4:{s:40:&#8221;block-intro-description-signpost-icon-id&#8221;;s:3:&#8221;179&#8243;;s:38:&#8221;block-intro-description-signpost-title&#8221;;s:8:&#8221;SMARTech&#8221;;s:41:&#8221;block-intro-description-signpost-subtitle&#8221;;s:17:&#8221;pro spr\u00e1vu budov&#8221;;s:36:&#8221;block-intro-description-signpost-url&#8221;;s:24:&#8221;https:\/\/www.m2cspace.eu\/&#8221;;}i:1;a:4:{s:40:&#8221;block-intro-description-signpost-icon-id&#8221;;s:3:&#8221;181&#8243;;s:38:&#8221;block-intro-description-signpost-title&#8221;;s:19:&#8221;Building management&#8221;;s:41:&#8221;block-intro-description-signpost-subtitle&#8221;;s:0:&#8221;&#8221;;s:36:&#8221;block-intro-description-signpost-url&#8221;;s:52:&#8221;https:\/\/www.m2c.eu\/en\/services\/building-maintenance\/&#8221;;}i:2;a:4:{s:40:&#8221;block-intro-description-signpost-icon-id&#8221;;s:3:&#8221;171&#8243;;s:38:&#8221;block-intro-description-signpost-title&#8221;;s:8:&#8221;SECURITY&#8221;;s:41:&#8221;block-intro-description-signpost-subtitle&#8221;;s:0:&#8221;&#8221;;s:36:&#8221;block-intro-description-signpost-url&#8221;;s:40:&#8221;https:\/\/www.m2c.eu\/en\/services\/security\/&#8221;;}}3 SMARTech smart building management technologies Building management Security Have you...","og_url":"https:\/\/m2c.rvltpreview.com\/en\/services\/public-administration\/","og_site_name":"M2C","article_modified_time":"2021-11-15T11:29:54+00:00","og_image":[{"width":1200,"height":630,"url":"https:\/\/m2c.rvltpreview.com\/wp-content\/uploads\/2021\/09\/M2C_OG.jpg","type":"image\/jpeg"}],"twitter_card":"summary_large_image","twitter_misc":{"Est. reading time":"1 minute"},"schema":{"@context":"https:\/\/schema.org","@graph":[{"@type":"WebPage","@id":"https:\/\/m2c.rvltpreview.com\/en\/services\/public-administration\/","url":"https:\/\/m2c.rvltpreview.com\/en\/services\/public-administration\/","name":"Public administration | M2C","isPartOf":{"@id":"https:\/\/m2c.rvltpreview.com\/#website"},"datePublished":"2021-09-22T03:25:59+00:00","dateModified":"2021-11-15T11:29:54+00:00","breadcrumb":{"@id":"https:\/\/m2c.rvltpreview.com\/en\/services\/public-administration\/#breadcrumb"},"inLanguage":"en-US","potentialAction":[{"@type":"ReadAction","target":["https:\/\/m2c.rvltpreview.com\/en\/services\/public-administration\/"]}]},{"@type":"BreadcrumbList","@id":"https:\/\/m2c.rvltpreview.com\/en\/services\/public-administration\/#breadcrumb","itemListElement":[{"@type":"ListItem","position":1,"name":"\u00davod","item":"https:\/\/m2c.rvltpreview.com\/en\/"},{"@type":"ListItem","position":2,"name":"Services","item":"https:\/\/m2c.rvltpreview.com\/en\/?page_id=453"},{"@type":"ListItem","position":3,"name":"Public administration"}]},{"@type":"WebSite","@id":"https:\/\/m2c.rvltpreview.com\/#website","url":"https:\/\/m2c.rvltpreview.com\/","name":"M2C","description":"","publisher":{"@id":"https:\/\/m2c.rvltpreview.com\/#organization"},"potentialAction":[{"@type":"SearchAction","target":{"@type":"EntryPoint","urlTemplate":"https:\/\/m2c.rvltpreview.com\/?s={search_term_string}"},"query-input":{"@type":"PropertyValueSpecification","valueRequired":true,"valueName":"search_term_string"}}],"inLanguage":"en-US"},{"@type":"Organization","@id":"https:\/\/m2c.rvltpreview.com\/#organization","name":"M2C","url":"https:\/\/m2c.rvltpreview.com\/","logo":{"@type":"ImageObject","inLanguage":"en-US","@id":"https:\/\/m2c.rvltpreview.com\/#\/schema\/logo\/image\/","url":"https:\/\/www.m2c.eu\/wp-content\/uploads\/2021\/08\/logo-m2c.svg","contentUrl":"https:\/\/www.m2c.eu\/wp-content\/uploads\/2021\/08\/logo-m2c.svg","width":141,"height":40,"caption":"M2C"},"image":{"@id":"https:\/\/m2c.rvltpreview.com\/#\/schema\/logo\/image\/"}}]}},"_links":{"self":[{"href":"https:\/\/m2c.rvltpreview.com\/en\/wp-json\/wp\/v2\/pages\/468","targetHints":{"allow":["GET"]}}],"collection":[{"href":"https:\/\/m2c.rvltpreview.com\/en\/wp-json\/wp\/v2\/pages"}],"about":[{"href":"https:\/\/m2c.rvltpreview.com\/en\/wp-json\/wp\/v2\/types\/page"}],"author":[{"embeddable":true,"href":"https:\/\/m2c.rvltpreview.com\/en\/wp-json\/wp\/v2\/users\/20"}],"replies":[{"embeddable":true,"href":"https:\/\/m2c.rvltpreview.com\/en\/wp-json\/wp\/v2\/comments?post=468"}],"version-history":[{"count":3,"href":"https:\/\/m2c.rvltpreview.com\/en\/wp-json\/wp\/v2\/pages\/468\/revisions"}],"predecessor-version":[{"id":6942,"href":"https:\/\/m2c.rvltpreview.com\/en\/wp-json\/wp\/v2\/pages\/468\/revisions\/6942"}],"up":[{"embeddable":true,"href":"https:\/\/m2c.rvltpreview.com\/en\/wp-json\/wp\/v2\/pages\/453"}],"wp:attachment":[{"href":"https:\/\/m2c.rvltpreview.com\/en\/wp-json\/wp\/v2\/media?parent=468"}],"curies":[{"name":"wp","href":"https:\/\/api.w.org\/{rel}","templated":true}]}}