{"id":4991,"date":"2021-10-22T14:25:50","date_gmt":"2021-10-22T12:25:50","guid":{"rendered":"https:\/\/www.m2c.eu\/?page_id=4991"},"modified":"2021-11-15T12:29:29","modified_gmt":"2021-11-15T11:29:29","slug":"o-nas","status":"publish","type":"page","link":"https:\/\/m2c.rvltpreview.com\/pl\/o-nas\/","title":{"rendered":"O nas"},"content":{"rendered":"<div class='d-none' style='display:none;'>\n<h3>O nas<\/h3>\n<h3>0<\/h3>\n<h3>Edukacja i egzaminy<\/h3>\n<p>W M2C mamy rozbudowany system szkole\u0144 i edukacji pracownik\u00f3w. Pomagamy r\u00f3wnie\u017c osobom poszukuj\u0105cym pracy uzyska\u0107 pe\u0142ne kwalifikacje w celu lepszego zatrudnienia. Egzaminy kwalifikacji zawodowych umo\u017cliwiaj\u0105 uzyskanie certyfikatu, kt\u00f3ry jest wa\u017cny nie tylko na czas nieokre\u015blony, ale jest r\u00f3wnie\u017c uznawany w ca\u0142ej Polsce. Organizujemy egzaminy dla szerokiej publiczno\u015bci.<\/p>\n<h3>Interesuje Ci\u0119 jak obni\u017cy\u0107 koszty eksploatacji budynku?<\/h3>\n<\/div>\n<div class='d-none' style='display:none;'>\n<h3>O nas<\/h3>\n<h3>0<\/h3>\n<h3>Edukacja i egzaminy<\/h3>\n<p>W M2C mamy rozbudowany system szkole\u0144 i edukacji pracownik\u00f3w. Pomagamy r\u00f3wnie\u017c osobom poszukuj\u0105cym pracy uzyska\u0107 pe\u0142ne kwalifikacje w celu lepszego zatrudnienia. Egzaminy kwalifikacji zawodowych umo\u017cliwiaj\u0105 uzyskanie certyfikatu, kt\u00f3ry jest wa\u017cny nie tylko na czas nieokre\u015blony, ale jest r\u00f3wnie\u017c uznawany w ca\u0142ej Polsce. Organizujemy egzaminy dla szerokiej publiczno\u015bci.<\/p>\n<h3>Interesuje Ci\u0119 jak obni\u017cy\u0107 koszty eksploatacji budynku?<\/h3>\n<\/div>\n","protected":false},"excerpt":{"rendered":"<p>O nas 0 Edukacja i egzaminy W M2C mamy rozbudowany system szkole\u0144 i edukacji pracownik\u00f3w. Pomagamy r\u00f3wnie\u017c osobom poszukuj\u0105cym pracy uzyska\u0107 pe\u0142ne kwalifikacje w celu lepszego zatrudnienia. Egzaminy kwalifikacji zawodowych umo\u017cliwiaj\u0105 uzyskanie certyfikatu, kt\u00f3ry jest wa\u017cny nie tylko na czas nieokre\u015blony, ale jest r\u00f3wnie\u017c uznawany w ca\u0142ej Polsce. Organizujemy egzaminy dla szerokiej publiczno\u015bci. Interesuje Ci\u0119&#8230;<\/p>\n","protected":false},"author":20,"featured_media":0,"parent":0,"menu_order":0,"comment_status":"closed","ping_status":"closed","template":"pages\/page-blocks.php","meta":{"footnotes":""},"class_list":["post-4991","page","type-page","status-publish","hentry"],"yoast_head":"<!-- This site is optimized with the Yoast SEO plugin v27.4 - https:\/\/yoast.com\/product\/yoast-seo-wordpress\/ -->\n<title>O nas | M2C<\/title>\n<meta name=\"robots\" content=\"noindex, follow, max-snippet:-1, max-image-preview:large, max-video-preview:-1\" \/>\n<meta property=\"og:locale\" content=\"pl_PL\" \/>\n<meta property=\"og:type\" content=\"article\" \/>\n<meta property=\"og:title\" content=\"O nas | M2C\" \/>\n<meta property=\"og:description\" content=\"O nas 0 Edukacja i egzaminy W M2C mamy rozbudowany system szkole\u0144 i edukacji pracownik\u00f3w. Pomagamy r\u00f3wnie\u017c osobom poszukuj\u0105cym pracy uzyska\u0107 pe\u0142ne kwalifikacje w celu lepszego zatrudnienia. Egzaminy kwalifikacji zawodowych umo\u017cliwiaj\u0105 uzyskanie certyfikatu, kt\u00f3ry jest wa\u017cny nie tylko na czas nieokre\u015blony, ale jest r\u00f3wnie\u017c uznawany w ca\u0142ej Polsce. Organizujemy egzaminy dla szerokiej publiczno\u015bci. Interesuje Ci\u0119...\" \/>\n<meta property=\"og:url\" content=\"https:\/\/m2c.rvltpreview.com\/pl\/o-nas\/\" \/>\n<meta property=\"og:site_name\" content=\"M2C\" \/>\n<meta property=\"article:modified_time\" content=\"2021-11-15T11:29:29+00:00\" \/>\n<meta property=\"og:image\" content=\"https:\/\/m2c.rvltpreview.com\/wp-content\/uploads\/2021\/09\/M2C_OG.jpg\" \/>\n\t<meta property=\"og:image:width\" content=\"1200\" \/>\n\t<meta property=\"og:image:height\" content=\"630\" \/>\n\t<meta property=\"og:image:type\" content=\"image\/jpeg\" \/>\n<meta name=\"twitter:card\" content=\"summary_large_image\" \/>\n<meta name=\"twitter:label1\" content=\"Szacowany czas czytania\" \/>\n\t<meta name=\"twitter:data1\" content=\"1 minuta\" \/>\n<!-- \/ Yoast SEO plugin. -->","yoast_head_json":{"title":"O nas | M2C","robots":{"index":"noindex","follow":"follow","max-snippet":"max-snippet:-1","max-image-preview":"max-image-preview:large","max-video-preview":"max-video-preview:-1"},"og_locale":"pl_PL","og_type":"article","og_title":"O nas | M2C","og_description":"O nas 0 Edukacja i egzaminy W M2C mamy rozbudowany system szkole\u0144 i edukacji pracownik\u00f3w. Pomagamy r\u00f3wnie\u017c osobom poszukuj\u0105cym pracy uzyska\u0107 pe\u0142ne kwalifikacje w celu lepszego zatrudnienia. Egzaminy kwalifikacji zawodowych umo\u017cliwiaj\u0105 uzyskanie certyfikatu, kt\u00f3ry jest wa\u017cny nie tylko na czas nieokre\u015blony, ale jest r\u00f3wnie\u017c uznawany w ca\u0142ej Polsce. Organizujemy egzaminy dla szerokiej publiczno\u015bci. Interesuje Ci\u0119...","og_url":"https:\/\/m2c.rvltpreview.com\/pl\/o-nas\/","og_site_name":"M2C","article_modified_time":"2021-11-15T11:29:29+00:00","og_image":[{"width":1200,"height":630,"url":"https:\/\/m2c.rvltpreview.com\/wp-content\/uploads\/2021\/09\/M2C_OG.jpg","type":"image\/jpeg"}],"twitter_card":"summary_large_image","twitter_misc":{"Szacowany czas czytania":"1 minuta"},"schema":{"@context":"https:\/\/schema.org","@graph":[{"@type":"WebPage","@id":"https:\/\/m2c.rvltpreview.com\/pl\/o-nas\/","url":"https:\/\/m2c.rvltpreview.com\/pl\/o-nas\/","name":"O nas | M2C","isPartOf":{"@id":"https:\/\/m2c.rvltpreview.com\/#website"},"datePublished":"2021-10-22T12:25:50+00:00","dateModified":"2021-11-15T11:29:29+00:00","breadcrumb":{"@id":"https:\/\/m2c.rvltpreview.com\/pl\/o-nas\/#breadcrumb"},"inLanguage":"pl-PL","potentialAction":[{"@type":"ReadAction","target":["https:\/\/m2c.rvltpreview.com\/pl\/o-nas\/"]}]},{"@type":"BreadcrumbList","@id":"https:\/\/m2c.rvltpreview.com\/pl\/o-nas\/#breadcrumb","itemListElement":[{"@type":"ListItem","position":1,"name":"\u00davod","item":"https:\/\/m2c.rvltpreview.com\/pl\/"},{"@type":"ListItem","position":2,"name":"O nas"}]},{"@type":"WebSite","@id":"https:\/\/m2c.rvltpreview.com\/#website","url":"https:\/\/m2c.rvltpreview.com\/","name":"M2C","description":"","publisher":{"@id":"https:\/\/m2c.rvltpreview.com\/#organization"},"potentialAction":[{"@type":"SearchAction","target":{"@type":"EntryPoint","urlTemplate":"https:\/\/m2c.rvltpreview.com\/?s={search_term_string}"},"query-input":{"@type":"PropertyValueSpecification","valueRequired":true,"valueName":"search_term_string"}}],"inLanguage":"pl-PL"},{"@type":"Organization","@id":"https:\/\/m2c.rvltpreview.com\/#organization","name":"M2C","url":"https:\/\/m2c.rvltpreview.com\/","logo":{"@type":"ImageObject","inLanguage":"pl-PL","@id":"https:\/\/m2c.rvltpreview.com\/#\/schema\/logo\/image\/","url":"https:\/\/www.m2c.eu\/wp-content\/uploads\/2021\/08\/logo-m2c.svg","contentUrl":"https:\/\/www.m2c.eu\/wp-content\/uploads\/2021\/08\/logo-m2c.svg","width":141,"height":40,"caption":"M2C"},"image":{"@id":"https:\/\/m2c.rvltpreview.com\/#\/schema\/logo\/image\/"}}]}},"_links":{"self":[{"href":"https:\/\/m2c.rvltpreview.com\/pl\/wp-json\/wp\/v2\/pages\/4991","targetHints":{"allow":["GET"]}}],"collection":[{"href":"https:\/\/m2c.rvltpreview.com\/pl\/wp-json\/wp\/v2\/pages"}],"about":[{"href":"https:\/\/m2c.rvltpreview.com\/pl\/wp-json\/wp\/v2\/types\/page"}],"author":[{"embeddable":true,"href":"https:\/\/m2c.rvltpreview.com\/pl\/wp-json\/wp\/v2\/users\/20"}],"replies":[{"embeddable":true,"href":"https:\/\/m2c.rvltpreview.com\/pl\/wp-json\/wp\/v2\/comments?post=4991"}],"version-history":[{"count":2,"href":"https:\/\/m2c.rvltpreview.com\/pl\/wp-json\/wp\/v2\/pages\/4991\/revisions"}],"predecessor-version":[{"id":6912,"href":"https:\/\/m2c.rvltpreview.com\/pl\/wp-json\/wp\/v2\/pages\/4991\/revisions\/6912"}],"wp:attachment":[{"href":"https:\/\/m2c.rvltpreview.com\/pl\/wp-json\/wp\/v2\/media?parent=4991"}],"curies":[{"name":"wp","href":"https:\/\/api.w.org\/{rel}","templated":true}]}}