{"id":5002,"date":"2021-10-22T14:28:56","date_gmt":"2021-10-22T12:28:56","guid":{"rendered":"https:\/\/www.m2c.eu\/?page_id=5002"},"modified":"2021-11-15T12:29:29","modified_gmt":"2021-11-15T11:29:29","slug":"utrzymanie-zieleni","status":"publish","type":"page","link":"https:\/\/m2c.rvltpreview.com\/pl\/uslugi\/utrzymanie-zieleni\/","title":{"rendered":"Utrzymanie zieleni"},"content":{"rendered":"<div class='d-none' style='display:none;'>\n<h3>Utrzymanie zieleni<\/h3>\n<p>Chcesz doda\u0107 troch\u0119 zieleni do swojego lokalu? Nasi eksperci zapewni\u0105 Pa\u0144stwu kompleksow\u0105 obs\u0142ug\u0119 zieleni zewn\u0119trznej i wewn\u0119trznej. Doradzimy w wyborze odpowiedniego rodzaju zieleni i zrealizujemy projekt dok\u0142adnie wed\u0142ug Twoich pomys\u0142\u00f3w. Zajmujemy si\u0119 r\u00f3wnie\u017c regularn\u0105 piel\u0119gnacj\u0105 zieleni, w tym koszeniem, nawo\u017ceniem i odchwaszczaniem.<\/p>\n<p>11296683a:1:{i:0;a:4:{s:40:&#8221;block-intro-description-signpost-icon-id&#8221;;s:0:&#8221;&#8221;;s:38:&#8221;block-intro-description-signpost-title&#8221;;s:0:&#8221;&#8221;;s:41:&#8221;block-intro-description-signpost-subtitle&#8221;;s:0:&#8221;&#8221;;s:36:&#8221;block-intro-description-signpost-url&#8221;;s:0:&#8221;&#8221;;}}<\/p>\n<h3>Piel\u0119gnacja zieleni wewn\u0119trznej<\/h3>\n<h3>Piel\u0119gnacja zieleni zewn\u0119trznej<\/h3>\n<h3>Nasadzenia ogrod\u00f3w<\/h3>\n<h3>Interesuje Ci\u0119 jak obni\u017cy\u0107 koszty eksploatacji budynku?<\/h3>\n<h3>Ogrody dachowe<\/h3>\n<h3>Ogrody wertykalne<\/h3>\n<h3>Nie wybra\u0142e\u015b us\u0142ug z oferty?<\/h3>\n<\/div>\n<div class='d-none' style='display:none;'>\n<h3>Utrzymanie zieleni<\/h3>\n<p>Chcesz doda\u0107 troch\u0119 zieleni do swojego lokalu? Nasi eksperci zapewni\u0105 Pa\u0144stwu kompleksow\u0105 obs\u0142ug\u0119 zieleni zewn\u0119trznej i wewn\u0119trznej. Doradzimy w wyborze odpowiedniego rodzaju zieleni i zrealizujemy projekt dok\u0142adnie wed\u0142ug Twoich pomys\u0142\u00f3w. Zajmujemy si\u0119 r\u00f3wnie\u017c regularn\u0105 piel\u0119gnacj\u0105 zieleni, w tym koszeniem, nawo\u017ceniem i odchwaszczaniem.<\/p>\n<p>11296683a:1:{i:0;a:4:{s:40:&#8221;block-intro-description-signpost-icon-id&#8221;;s:0:&#8221;&#8221;;s:38:&#8221;block-intro-description-signpost-title&#8221;;s:0:&#8221;&#8221;;s:41:&#8221;block-intro-description-signpost-subtitle&#8221;;s:0:&#8221;&#8221;;s:36:&#8221;block-intro-description-signpost-url&#8221;;s:0:&#8221;&#8221;;}}<\/p>\n<h3>Piel\u0119gnacja zieleni wewn\u0119trznej<\/h3>\n<h3>Piel\u0119gnacja zieleni zewn\u0119trznej<\/h3>\n<h3>Nasadzenia ogrod\u00f3w<\/h3>\n<h3>Interesuje Ci\u0119 jak obni\u017cy\u0107 koszty eksploatacji budynku?<\/h3>\n<h3>Ogrody dachowe<\/h3>\n<h3>Ogrody wertykalne<\/h3>\n<h3>Nie wybra\u0142e\u015b us\u0142ug z oferty?<\/h3>\n<\/div>\n","protected":false},"excerpt":{"rendered":"<p>Utrzymanie zieleni Chcesz doda\u0107 troch\u0119 zieleni do swojego lokalu? Nasi eksperci zapewni\u0105 Pa\u0144stwu kompleksow\u0105 obs\u0142ug\u0119 zieleni zewn\u0119trznej i wewn\u0119trznej. Doradzimy w wyborze odpowiedniego rodzaju zieleni i zrealizujemy projekt dok\u0142adnie wed\u0142ug Twoich pomys\u0142\u00f3w. Zajmujemy si\u0119 r\u00f3wnie\u017c regularn\u0105 piel\u0119gnacj\u0105 zieleni, w tym koszeniem, nawo\u017ceniem i odchwaszczaniem. 11296683a:1:{i:0;a:4:{s:40:&#8221;block-intro-description-signpost-icon-id&#8221;;s:0:&#8221;&#8221;;s:38:&#8221;block-intro-description-signpost-title&#8221;;s:0:&#8221;&#8221;;s:41:&#8221;block-intro-description-signpost-subtitle&#8221;;s:0:&#8221;&#8221;;s:36:&#8221;block-intro-description-signpost-url&#8221;;s:0:&#8221;&#8221;;}} Piel\u0119gnacja zieleni wewn\u0119trznej Piel\u0119gnacja zieleni zewn\u0119trznej Nasadzenia ogrod\u00f3w Interesuje Ci\u0119&#8230;<\/p>\n","protected":false},"author":20,"featured_media":0,"parent":4993,"menu_order":0,"comment_status":"closed","ping_status":"closed","template":"pages\/page-blocks.php","meta":{"footnotes":""},"class_list":["post-5002","page","type-page","status-publish","hentry"],"yoast_head":"<!-- This site is optimized with the Yoast SEO plugin v27.4 - https:\/\/yoast.com\/product\/yoast-seo-wordpress\/ -->\n<title>Utrzymanie zieleni | M2C<\/title>\n<meta name=\"robots\" content=\"noindex, follow, max-snippet:-1, max-image-preview:large, max-video-preview:-1\" \/>\n<meta property=\"og:locale\" content=\"pl_PL\" \/>\n<meta property=\"og:type\" content=\"article\" \/>\n<meta property=\"og:title\" content=\"Utrzymanie zieleni | M2C\" \/>\n<meta property=\"og:description\" content=\"Utrzymanie zieleni Chcesz doda\u0107 troch\u0119 zieleni do swojego lokalu? Nasi eksperci zapewni\u0105 Pa\u0144stwu kompleksow\u0105 obs\u0142ug\u0119 zieleni zewn\u0119trznej i wewn\u0119trznej. Doradzimy w wyborze odpowiedniego rodzaju zieleni i zrealizujemy projekt dok\u0142adnie wed\u0142ug Twoich pomys\u0142\u00f3w. Zajmujemy si\u0119 r\u00f3wnie\u017c regularn\u0105 piel\u0119gnacj\u0105 zieleni, w tym koszeniem, nawo\u017ceniem i odchwaszczaniem. 11296683a:1:{i:0;a:4:{s:40:&#8221;block-intro-description-signpost-icon-id&#8221;;s:0:&#8221;&#8221;;s:38:&#8221;block-intro-description-signpost-title&#8221;;s:0:&#8221;&#8221;;s:41:&#8221;block-intro-description-signpost-subtitle&#8221;;s:0:&#8221;&#8221;;s:36:&#8221;block-intro-description-signpost-url&#8221;;s:0:&#8221;&#8221;;}} Piel\u0119gnacja zieleni wewn\u0119trznej Piel\u0119gnacja zieleni zewn\u0119trznej Nasadzenia ogrod\u00f3w Interesuje Ci\u0119...\" \/>\n<meta property=\"og:url\" content=\"https:\/\/m2c.rvltpreview.com\/pl\/uslugi\/utrzymanie-zieleni\/\" \/>\n<meta property=\"og:site_name\" content=\"M2C\" \/>\n<meta property=\"article:modified_time\" content=\"2021-11-15T11:29:29+00:00\" \/>\n<meta property=\"og:image\" content=\"https:\/\/m2c.rvltpreview.com\/wp-content\/uploads\/2021\/09\/M2C_OG.jpg\" \/>\n\t<meta property=\"og:image:width\" content=\"1200\" \/>\n\t<meta property=\"og:image:height\" content=\"630\" \/>\n\t<meta property=\"og:image:type\" content=\"image\/jpeg\" \/>\n<meta name=\"twitter:card\" content=\"summary_large_image\" \/>\n<meta name=\"twitter:label1\" content=\"Szacowany czas czytania\" \/>\n\t<meta name=\"twitter:data1\" content=\"1 minuta\" \/>\n<!-- \/ Yoast SEO plugin. -->","yoast_head_json":{"title":"Utrzymanie zieleni | M2C","robots":{"index":"noindex","follow":"follow","max-snippet":"max-snippet:-1","max-image-preview":"max-image-preview:large","max-video-preview":"max-video-preview:-1"},"og_locale":"pl_PL","og_type":"article","og_title":"Utrzymanie zieleni | M2C","og_description":"Utrzymanie zieleni Chcesz doda\u0107 troch\u0119 zieleni do swojego lokalu? Nasi eksperci zapewni\u0105 Pa\u0144stwu kompleksow\u0105 obs\u0142ug\u0119 zieleni zewn\u0119trznej i wewn\u0119trznej. Doradzimy w wyborze odpowiedniego rodzaju zieleni i zrealizujemy projekt dok\u0142adnie wed\u0142ug Twoich pomys\u0142\u00f3w. Zajmujemy si\u0119 r\u00f3wnie\u017c regularn\u0105 piel\u0119gnacj\u0105 zieleni, w tym koszeniem, nawo\u017ceniem i odchwaszczaniem. 11296683a:1:{i:0;a:4:{s:40:&#8221;block-intro-description-signpost-icon-id&#8221;;s:0:&#8221;&#8221;;s:38:&#8221;block-intro-description-signpost-title&#8221;;s:0:&#8221;&#8221;;s:41:&#8221;block-intro-description-signpost-subtitle&#8221;;s:0:&#8221;&#8221;;s:36:&#8221;block-intro-description-signpost-url&#8221;;s:0:&#8221;&#8221;;}} Piel\u0119gnacja zieleni wewn\u0119trznej Piel\u0119gnacja zieleni zewn\u0119trznej Nasadzenia ogrod\u00f3w Interesuje Ci\u0119...","og_url":"https:\/\/m2c.rvltpreview.com\/pl\/uslugi\/utrzymanie-zieleni\/","og_site_name":"M2C","article_modified_time":"2021-11-15T11:29:29+00:00","og_image":[{"width":1200,"height":630,"url":"https:\/\/m2c.rvltpreview.com\/wp-content\/uploads\/2021\/09\/M2C_OG.jpg","type":"image\/jpeg"}],"twitter_card":"summary_large_image","twitter_misc":{"Szacowany czas czytania":"1 minuta"},"schema":{"@context":"https:\/\/schema.org","@graph":[{"@type":"WebPage","@id":"https:\/\/m2c.rvltpreview.com\/pl\/uslugi\/utrzymanie-zieleni\/","url":"https:\/\/m2c.rvltpreview.com\/pl\/uslugi\/utrzymanie-zieleni\/","name":"Utrzymanie zieleni | M2C","isPartOf":{"@id":"https:\/\/m2c.rvltpreview.com\/#website"},"datePublished":"2021-10-22T12:28:56+00:00","dateModified":"2021-11-15T11:29:29+00:00","breadcrumb":{"@id":"https:\/\/m2c.rvltpreview.com\/pl\/uslugi\/utrzymanie-zieleni\/#breadcrumb"},"inLanguage":"pl-PL","potentialAction":[{"@type":"ReadAction","target":["https:\/\/m2c.rvltpreview.com\/pl\/uslugi\/utrzymanie-zieleni\/"]}]},{"@type":"BreadcrumbList","@id":"https:\/\/m2c.rvltpreview.com\/pl\/uslugi\/utrzymanie-zieleni\/#breadcrumb","itemListElement":[{"@type":"ListItem","position":1,"name":"\u00davod","item":"https:\/\/m2c.rvltpreview.com\/pl\/"},{"@type":"ListItem","position":2,"name":"Us\u0142ugi","item":"https:\/\/m2c.rvltpreview.com\/pl\/uslugi\/"},{"@type":"ListItem","position":3,"name":"Utrzymanie zieleni"}]},{"@type":"WebSite","@id":"https:\/\/m2c.rvltpreview.com\/#website","url":"https:\/\/m2c.rvltpreview.com\/","name":"M2C","description":"","publisher":{"@id":"https:\/\/m2c.rvltpreview.com\/#organization"},"potentialAction":[{"@type":"SearchAction","target":{"@type":"EntryPoint","urlTemplate":"https:\/\/m2c.rvltpreview.com\/?s={search_term_string}"},"query-input":{"@type":"PropertyValueSpecification","valueRequired":true,"valueName":"search_term_string"}}],"inLanguage":"pl-PL"},{"@type":"Organization","@id":"https:\/\/m2c.rvltpreview.com\/#organization","name":"M2C","url":"https:\/\/m2c.rvltpreview.com\/","logo":{"@type":"ImageObject","inLanguage":"pl-PL","@id":"https:\/\/m2c.rvltpreview.com\/#\/schema\/logo\/image\/","url":"https:\/\/www.m2c.eu\/wp-content\/uploads\/2021\/08\/logo-m2c.svg","contentUrl":"https:\/\/www.m2c.eu\/wp-content\/uploads\/2021\/08\/logo-m2c.svg","width":141,"height":40,"caption":"M2C"},"image":{"@id":"https:\/\/m2c.rvltpreview.com\/#\/schema\/logo\/image\/"}}]}},"_links":{"self":[{"href":"https:\/\/m2c.rvltpreview.com\/pl\/wp-json\/wp\/v2\/pages\/5002","targetHints":{"allow":["GET"]}}],"collection":[{"href":"https:\/\/m2c.rvltpreview.com\/pl\/wp-json\/wp\/v2\/pages"}],"about":[{"href":"https:\/\/m2c.rvltpreview.com\/pl\/wp-json\/wp\/v2\/types\/page"}],"author":[{"embeddable":true,"href":"https:\/\/m2c.rvltpreview.com\/pl\/wp-json\/wp\/v2\/users\/20"}],"replies":[{"embeddable":true,"href":"https:\/\/m2c.rvltpreview.com\/pl\/wp-json\/wp\/v2\/comments?post=5002"}],"version-history":[{"count":2,"href":"https:\/\/m2c.rvltpreview.com\/pl\/wp-json\/wp\/v2\/pages\/5002\/revisions"}],"predecessor-version":[{"id":6908,"href":"https:\/\/m2c.rvltpreview.com\/pl\/wp-json\/wp\/v2\/pages\/5002\/revisions\/6908"}],"up":[{"embeddable":true,"href":"https:\/\/m2c.rvltpreview.com\/pl\/wp-json\/wp\/v2\/pages\/4993"}],"wp:attachment":[{"href":"https:\/\/m2c.rvltpreview.com\/pl\/wp-json\/wp\/v2\/media?parent=5002"}],"curies":[{"name":"wp","href":"https:\/\/api.w.org\/{rel}","templated":true}]}}