{"id":5429,"date":"2021-11-03T05:49:47","date_gmt":"2021-11-03T04:49:47","guid":{"rendered":"https:\/\/www.m2c.eu\/?page_id=5429"},"modified":"2021-11-15T12:28:56","modified_gmt":"2021-11-15T11:28:56","slug":"general","status":"publish","type":"page","link":"https:\/\/m2c.rvltpreview.com\/ro\/","title":{"rendered":"General"},"content":{"rendered":"<div class='d-none' style='display:none;'>\n<h3>SIMPLIFIC\u0102M MODUL ##DE GESTIONARE A PROPRIET\u0102\u021aILOR##<\/h3>\n<h3>M2C este partenerul dvs. \u00een **gestionarea cuprinz\u0103toare** a propriet\u0103\u021bii<\/h3>\n<h3>Securitate<\/h3>\n<h3>\u00eentre\u021binere<\/h3>\n<h3>Cur\u0103\u021bare<\/h3>\n<h3>\u00centre\u021binerea verdelor<\/h3>\n<h3>Energetic\u0103<\/h3>\n<h3>SMARTech **tehnologii inteligente de management al cl\u0103dirilor**<\/h3>\n<h3>V\u0103 intereseaz\u0103 cum s\u0103 reduce\u021bi costurile de func\u021bionare ale cl\u0103dirii?<\/h3>\n<h3>DE CE CU NOI?<\/h3>\n<h3>&#60;p&#62;C\u0103uta\u021bi un loc de munc\u0103 \u00een domeniul securit\u0103\u021bii \u0219i \u00eentre\u021binerii? Poate c\u0103 tu e\u0219ti cel pe care \u00eel c\u0103ut\u0103m!&#13;&#10;&#60;\/p&#62;&#60;p&#62;&#60;br&#62;&#60;\/p&#62;<\/h3>\n<h3>Despre noi<\/h3>\n<\/div>\n<div class='d-none' style='display:none;'>\n<h3>SIMPLIFIC\u0102M MODUL ##DE GESTIONARE A PROPRIET\u0102\u021aILOR##<\/h3>\n<h3>M2C este partenerul dvs. \u00een **gestionarea cuprinz\u0103toare** a propriet\u0103\u021bii<\/h3>\n<h3>Securitate<\/h3>\n<h3>\u00eentre\u021binere<\/h3>\n<h3>Cur\u0103\u021bare<\/h3>\n<h3>\u00centre\u021binerea verdelor<\/h3>\n<h3>Energetic\u0103<\/h3>\n<h3>SMARTech **tehnologii inteligente de management al cl\u0103dirilor**<\/h3>\n<h3>V\u0103 intereseaz\u0103 cum s\u0103 reduce\u021bi costurile de func\u021bionare ale cl\u0103dirii?<\/h3>\n<h3>DE CE CU NOI?<\/h3>\n<h3>&#60;p&#62;C\u0103uta\u021bi un loc de munc\u0103 \u00een domeniul securit\u0103\u021bii \u0219i \u00eentre\u021binerii? Poate c\u0103 tu e\u0219ti cel pe care \u00eel c\u0103ut\u0103m!&#13;&#10;&#60;\/p&#62;&#60;p&#62;&#60;br&#62;&#60;\/p&#62;<\/h3>\n<h3>Despre noi<\/h3>\n<\/div>\n","protected":false},"excerpt":{"rendered":"<p>SIMPLIFIC\u0102M MODUL ##DE GESTIONARE A PROPRIET\u0102\u021aILOR## M2C este partenerul dvs. \u00een **gestionarea cuprinz\u0103toare** a propriet\u0103\u021bii Securitate \u00eentre\u021binere Cur\u0103\u021bare \u00centre\u021binerea verdelor Energetic\u0103 SMARTech **tehnologii inteligente de management al cl\u0103dirilor** V\u0103 intereseaz\u0103 cum s\u0103 reduce\u021bi costurile de func\u021bionare ale cl\u0103dirii? DE CE CU NOI? &#60;p&#62;C\u0103uta\u021bi un loc de munc\u0103 \u00een domeniul securit\u0103\u021bii \u0219i \u00eentre\u021binerii? Poate c\u0103 tu&#8230;<\/p>\n","protected":false},"author":20,"featured_media":0,"parent":0,"menu_order":0,"comment_status":"closed","ping_status":"closed","template":"pages\/page-blocks.php","meta":{"footnotes":""},"class_list":["post-5429","page","type-page","status-publish","hentry"],"yoast_head":"<!-- This site is optimized with the Yoast SEO plugin v27.4 - https:\/\/yoast.com\/product\/yoast-seo-wordpress\/ -->\n<title>General | M2C<\/title>\n<meta name=\"robots\" content=\"noindex, follow, max-snippet:-1, max-image-preview:large, max-video-preview:-1\" \/>\n<meta property=\"og:locale\" content=\"ro_RO\" \/>\n<meta property=\"og:type\" content=\"article\" \/>\n<meta property=\"og:title\" content=\"General | M2C\" \/>\n<meta property=\"og:description\" content=\"SIMPLIFIC\u0102M MODUL ##DE GESTIONARE A PROPRIET\u0102\u021aILOR## M2C este partenerul dvs. \u00een **gestionarea cuprinz\u0103toare** a propriet\u0103\u021bii Securitate \u00eentre\u021binere Cur\u0103\u021bare \u00centre\u021binerea verdelor Energetic\u0103 SMARTech **tehnologii inteligente de management al cl\u0103dirilor** V\u0103 intereseaz\u0103 cum s\u0103 reduce\u021bi costurile de func\u021bionare ale cl\u0103dirii? DE CE CU NOI? &#060;p&#062;C\u0103uta\u021bi un loc de munc\u0103 \u00een domeniul securit\u0103\u021bii \u0219i \u00eentre\u021binerii? Poate c\u0103 tu...\" \/>\n<meta property=\"og:url\" content=\"https:\/\/m2c.rvltpreview.com\/ro\/\" \/>\n<meta property=\"og:site_name\" content=\"M2C\" \/>\n<meta property=\"article:modified_time\" content=\"2021-11-15T11:28:56+00:00\" \/>\n<meta property=\"og:image\" content=\"https:\/\/m2c.rvltpreview.com\/wp-content\/uploads\/2021\/09\/M2C_OG.jpg\" \/>\n\t<meta property=\"og:image:width\" content=\"1200\" \/>\n\t<meta property=\"og:image:height\" content=\"630\" \/>\n\t<meta property=\"og:image:type\" content=\"image\/jpeg\" \/>\n<meta name=\"twitter:card\" content=\"summary_large_image\" \/>\n<meta name=\"twitter:label1\" content=\"Timp estimat pentru citire\" \/>\n\t<meta name=\"twitter:data1\" content=\"1 minut\" \/>\n<!-- \/ Yoast SEO plugin. -->","yoast_head_json":{"title":"General | M2C","robots":{"index":"noindex","follow":"follow","max-snippet":"max-snippet:-1","max-image-preview":"max-image-preview:large","max-video-preview":"max-video-preview:-1"},"og_locale":"ro_RO","og_type":"article","og_title":"General | M2C","og_description":"SIMPLIFIC\u0102M MODUL ##DE GESTIONARE A PROPRIET\u0102\u021aILOR## M2C este partenerul dvs. \u00een **gestionarea cuprinz\u0103toare** a propriet\u0103\u021bii Securitate \u00eentre\u021binere Cur\u0103\u021bare \u00centre\u021binerea verdelor Energetic\u0103 SMARTech **tehnologii inteligente de management al cl\u0103dirilor** V\u0103 intereseaz\u0103 cum s\u0103 reduce\u021bi costurile de func\u021bionare ale cl\u0103dirii? DE CE CU NOI? &#60;p&#62;C\u0103uta\u021bi un loc de munc\u0103 \u00een domeniul securit\u0103\u021bii \u0219i \u00eentre\u021binerii? Poate c\u0103 tu...","og_url":"https:\/\/m2c.rvltpreview.com\/ro\/","og_site_name":"M2C","article_modified_time":"2021-11-15T11:28:56+00:00","og_image":[{"width":1200,"height":630,"url":"https:\/\/m2c.rvltpreview.com\/wp-content\/uploads\/2021\/09\/M2C_OG.jpg","type":"image\/jpeg"}],"twitter_card":"summary_large_image","twitter_misc":{"Timp estimat pentru citire":"1 minut"},"schema":{"@context":"https:\/\/schema.org","@graph":[{"@type":"WebPage","@id":"https:\/\/m2c.rvltpreview.com\/ro\/","url":"https:\/\/m2c.rvltpreview.com\/ro\/","name":"General | M2C","isPartOf":{"@id":"https:\/\/m2c.rvltpreview.com\/#website"},"datePublished":"2021-11-03T04:49:47+00:00","dateModified":"2021-11-15T11:28:56+00:00","breadcrumb":{"@id":"https:\/\/m2c.rvltpreview.com\/ro\/#breadcrumb"},"inLanguage":"ro-RO","potentialAction":[{"@type":"ReadAction","target":["https:\/\/m2c.rvltpreview.com\/ro\/"]}]},{"@type":"BreadcrumbList","@id":"https:\/\/m2c.rvltpreview.com\/ro\/#breadcrumb","itemListElement":[{"@type":"ListItem","position":1,"name":"\u00davod","item":"https:\/\/m2c.rvltpreview.com\/ro\/"},{"@type":"ListItem","position":2,"name":"General"}]},{"@type":"WebSite","@id":"https:\/\/m2c.rvltpreview.com\/#website","url":"https:\/\/m2c.rvltpreview.com\/","name":"M2C","description":"","publisher":{"@id":"https:\/\/m2c.rvltpreview.com\/#organization"},"potentialAction":[{"@type":"SearchAction","target":{"@type":"EntryPoint","urlTemplate":"https:\/\/m2c.rvltpreview.com\/?s={search_term_string}"},"query-input":{"@type":"PropertyValueSpecification","valueRequired":true,"valueName":"search_term_string"}}],"inLanguage":"ro-RO"},{"@type":"Organization","@id":"https:\/\/m2c.rvltpreview.com\/#organization","name":"M2C","url":"https:\/\/m2c.rvltpreview.com\/","logo":{"@type":"ImageObject","inLanguage":"ro-RO","@id":"https:\/\/m2c.rvltpreview.com\/#\/schema\/logo\/image\/","url":"https:\/\/www.m2c.eu\/wp-content\/uploads\/2021\/08\/logo-m2c.svg","contentUrl":"https:\/\/www.m2c.eu\/wp-content\/uploads\/2021\/08\/logo-m2c.svg","width":141,"height":40,"caption":"M2C"},"image":{"@id":"https:\/\/m2c.rvltpreview.com\/#\/schema\/logo\/image\/"}}]}},"_links":{"self":[{"href":"https:\/\/m2c.rvltpreview.com\/ro\/wp-json\/wp\/v2\/pages\/5429","targetHints":{"allow":["GET"]}}],"collection":[{"href":"https:\/\/m2c.rvltpreview.com\/ro\/wp-json\/wp\/v2\/pages"}],"about":[{"href":"https:\/\/m2c.rvltpreview.com\/ro\/wp-json\/wp\/v2\/types\/page"}],"author":[{"embeddable":true,"href":"https:\/\/m2c.rvltpreview.com\/ro\/wp-json\/wp\/v2\/users\/20"}],"replies":[{"embeddable":true,"href":"https:\/\/m2c.rvltpreview.com\/ro\/wp-json\/wp\/v2\/comments?post=5429"}],"version-history":[{"count":2,"href":"https:\/\/m2c.rvltpreview.com\/ro\/wp-json\/wp\/v2\/pages\/5429\/revisions"}],"predecessor-version":[{"id":6882,"href":"https:\/\/m2c.rvltpreview.com\/ro\/wp-json\/wp\/v2\/pages\/5429\/revisions\/6882"}],"wp:attachment":[{"href":"https:\/\/m2c.rvltpreview.com\/ro\/wp-json\/wp\/v2\/media?parent=5429"}],"curies":[{"name":"wp","href":"https:\/\/api.w.org\/{rel}","templated":true}]}}