{"id":5437,"date":"2021-11-03T06:02:34","date_gmt":"2021-11-03T05:02:34","guid":{"rendered":"https:\/\/www.m2c.eu\/?page_id=5437"},"modified":"2021-11-15T12:28:56","modified_gmt":"2021-11-15T11:28:56","slug":"securitate","status":"publish","type":"page","link":"https:\/\/m2c.rvltpreview.com\/ro\/servicii\/securitate\/","title":{"rendered":"SECURITATE"},"content":{"rendered":"<div class='d-none' style='display:none;'>\n<h3>Securitate<\/h3>\n<p>Echipa noastr\u0103 de exper\u021bi \u00een securitate v\u0103 va oferi securitate complet\u0103 pentru obiectul dvs. Oferim servicii de securitate fizic\u0103 a propriet\u0103\u021bii \u0219i a persoanelor. \u0218tia\u021bi, de exemplu, c\u0103 nu mai este necesar s\u0103 pl\u0103ti\u021bi un paznic de noapte \u0219i weekend? Datorit\u0103 tehnologiilor moderne \u0219i a sistemelor de camere, v\u0103 vom monitoriza de la distan\u021b\u0103 obiectul prin centrul de supraveghere spa\u021bial\u0103 M2C.<\/p>\n<p>6106573a:1:{i:0;a:4:{s:40:&#8221;block-intro-description-signpost-icon-id&#8221;;s:0:&#8221;&#8221;;s:38:&#8221;block-intro-description-signpost-title&#8221;;s:0:&#8221;&#8221;;s:41:&#8221;block-intro-description-signpost-subtitle&#8221;;s:0:&#8221;&#8221;;s:36:&#8221;block-intro-description-signpost-url&#8221;;s:0:&#8221;&#8221;;}}<\/p>\n<h3>Siguran\u021b\u0103 fizic\u0103<\/h3>\n<h3>ARC \u0218I VARC<\/h3>\n<h3>V\u0103 intereseaz\u0103 cum s\u0103 reduce\u021bi costurile de func\u021bionare ale cl\u0103dirii?<\/h3>\n<h3>Servicii de securitate specializate<\/h3>\n<h3>Audit de securitate<\/h3>\n<h3>OHS \u0219i FP<\/h3>\n<h3>Nu ai ales din oferta de servicii?<\/h3>\n<\/div>\n<div class='d-none' style='display:none;'>\n<h3>Securitate<\/h3>\n<p>Echipa noastr\u0103 de exper\u021bi \u00een securitate v\u0103 va oferi securitate complet\u0103 pentru obiectul dvs. Oferim servicii de securitate fizic\u0103 a propriet\u0103\u021bii \u0219i a persoanelor. \u0218tia\u021bi, de exemplu, c\u0103 nu mai este necesar s\u0103 pl\u0103ti\u021bi un paznic de noapte \u0219i weekend? Datorit\u0103 tehnologiilor moderne \u0219i a sistemelor de camere, v\u0103 vom monitoriza de la distan\u021b\u0103 obiectul prin centrul de supraveghere spa\u021bial\u0103 M2C.<\/p>\n<p>6106573a:1:{i:0;a:4:{s:40:&#8221;block-intro-description-signpost-icon-id&#8221;;s:0:&#8221;&#8221;;s:38:&#8221;block-intro-description-signpost-title&#8221;;s:0:&#8221;&#8221;;s:41:&#8221;block-intro-description-signpost-subtitle&#8221;;s:0:&#8221;&#8221;;s:36:&#8221;block-intro-description-signpost-url&#8221;;s:0:&#8221;&#8221;;}}<\/p>\n<h3>Siguran\u021b\u0103 fizic\u0103<\/h3>\n<h3>ARC \u0218I VARC<\/h3>\n<h3>V\u0103 intereseaz\u0103 cum s\u0103 reduce\u021bi costurile de func\u021bionare ale cl\u0103dirii?<\/h3>\n<h3>Servicii de securitate specializate<\/h3>\n<h3>Audit de securitate<\/h3>\n<h3>OHS \u0219i FP<\/h3>\n<h3>Nu ai ales din oferta de servicii?<\/h3>\n<\/div>\n","protected":false},"excerpt":{"rendered":"<p>Securitate Echipa noastr\u0103 de exper\u021bi \u00een securitate v\u0103 va oferi securitate complet\u0103 pentru obiectul dvs. Oferim servicii de securitate fizic\u0103 a propriet\u0103\u021bii \u0219i a persoanelor. \u0218tia\u021bi, de exemplu, c\u0103 nu mai este necesar s\u0103 pl\u0103ti\u021bi un paznic de noapte \u0219i weekend? Datorit\u0103 tehnologiilor moderne \u0219i a sistemelor de camere, v\u0103 vom monitoriza de la distan\u021b\u0103&#8230;<\/p>\n","protected":false},"author":20,"featured_media":0,"parent":5071,"menu_order":0,"comment_status":"closed","ping_status":"closed","template":"pages\/page-blocks.php","meta":{"footnotes":""},"class_list":["post-5437","page","type-page","status-publish","hentry"],"yoast_head":"<!-- This site is optimized with the Yoast SEO plugin v27.4 - https:\/\/yoast.com\/product\/yoast-seo-wordpress\/ -->\n<title>SECURITATE | M2C<\/title>\n<meta name=\"robots\" content=\"noindex, follow, max-snippet:-1, max-image-preview:large, max-video-preview:-1\" \/>\n<meta property=\"og:locale\" content=\"ro_RO\" \/>\n<meta property=\"og:type\" content=\"article\" \/>\n<meta property=\"og:title\" content=\"SECURITATE | M2C\" \/>\n<meta property=\"og:description\" content=\"Securitate Echipa noastr\u0103 de exper\u021bi \u00een securitate v\u0103 va oferi securitate complet\u0103 pentru obiectul dvs. Oferim servicii de securitate fizic\u0103 a propriet\u0103\u021bii \u0219i a persoanelor. \u0218tia\u021bi, de exemplu, c\u0103 nu mai este necesar s\u0103 pl\u0103ti\u021bi un paznic de noapte \u0219i weekend? Datorit\u0103 tehnologiilor moderne \u0219i a sistemelor de camere, v\u0103 vom monitoriza de la distan\u021b\u0103...\" \/>\n<meta property=\"og:url\" content=\"https:\/\/m2c.rvltpreview.com\/ro\/servicii\/securitate\/\" \/>\n<meta property=\"og:site_name\" content=\"M2C\" \/>\n<meta property=\"article:modified_time\" content=\"2021-11-15T11:28:56+00:00\" \/>\n<meta property=\"og:image\" content=\"https:\/\/m2c.rvltpreview.com\/wp-content\/uploads\/2021\/09\/M2C_OG.jpg\" \/>\n\t<meta property=\"og:image:width\" content=\"1200\" \/>\n\t<meta property=\"og:image:height\" content=\"630\" \/>\n\t<meta property=\"og:image:type\" content=\"image\/jpeg\" \/>\n<meta name=\"twitter:card\" content=\"summary_large_image\" \/>\n<meta name=\"twitter:label1\" content=\"Timp estimat pentru citire\" \/>\n\t<meta name=\"twitter:data1\" content=\"1 minut\" \/>\n<!-- \/ Yoast SEO plugin. -->","yoast_head_json":{"title":"SECURITATE | M2C","robots":{"index":"noindex","follow":"follow","max-snippet":"max-snippet:-1","max-image-preview":"max-image-preview:large","max-video-preview":"max-video-preview:-1"},"og_locale":"ro_RO","og_type":"article","og_title":"SECURITATE | M2C","og_description":"Securitate Echipa noastr\u0103 de exper\u021bi \u00een securitate v\u0103 va oferi securitate complet\u0103 pentru obiectul dvs. Oferim servicii de securitate fizic\u0103 a propriet\u0103\u021bii \u0219i a persoanelor. \u0218tia\u021bi, de exemplu, c\u0103 nu mai este necesar s\u0103 pl\u0103ti\u021bi un paznic de noapte \u0219i weekend? Datorit\u0103 tehnologiilor moderne \u0219i a sistemelor de camere, v\u0103 vom monitoriza de la distan\u021b\u0103...","og_url":"https:\/\/m2c.rvltpreview.com\/ro\/servicii\/securitate\/","og_site_name":"M2C","article_modified_time":"2021-11-15T11:28:56+00:00","og_image":[{"width":1200,"height":630,"url":"https:\/\/m2c.rvltpreview.com\/wp-content\/uploads\/2021\/09\/M2C_OG.jpg","type":"image\/jpeg"}],"twitter_card":"summary_large_image","twitter_misc":{"Timp estimat pentru citire":"1 minut"},"schema":{"@context":"https:\/\/schema.org","@graph":[{"@type":"WebPage","@id":"https:\/\/m2c.rvltpreview.com\/ro\/servicii\/securitate\/","url":"https:\/\/m2c.rvltpreview.com\/ro\/servicii\/securitate\/","name":"SECURITATE | M2C","isPartOf":{"@id":"https:\/\/m2c.rvltpreview.com\/#website"},"datePublished":"2021-11-03T05:02:34+00:00","dateModified":"2021-11-15T11:28:56+00:00","breadcrumb":{"@id":"https:\/\/m2c.rvltpreview.com\/ro\/servicii\/securitate\/#breadcrumb"},"inLanguage":"ro-RO","potentialAction":[{"@type":"ReadAction","target":["https:\/\/m2c.rvltpreview.com\/ro\/servicii\/securitate\/"]}]},{"@type":"BreadcrumbList","@id":"https:\/\/m2c.rvltpreview.com\/ro\/servicii\/securitate\/#breadcrumb","itemListElement":[{"@type":"ListItem","position":1,"name":"\u00davod","item":"https:\/\/m2c.rvltpreview.com\/ro\/"},{"@type":"ListItem","position":2,"name":"Servicii","item":"https:\/\/m2c.rvltpreview.com\/ro\/servicii\/"},{"@type":"ListItem","position":3,"name":"SECURITATE"}]},{"@type":"WebSite","@id":"https:\/\/m2c.rvltpreview.com\/#website","url":"https:\/\/m2c.rvltpreview.com\/","name":"M2C","description":"","publisher":{"@id":"https:\/\/m2c.rvltpreview.com\/#organization"},"potentialAction":[{"@type":"SearchAction","target":{"@type":"EntryPoint","urlTemplate":"https:\/\/m2c.rvltpreview.com\/?s={search_term_string}"},"query-input":{"@type":"PropertyValueSpecification","valueRequired":true,"valueName":"search_term_string"}}],"inLanguage":"ro-RO"},{"@type":"Organization","@id":"https:\/\/m2c.rvltpreview.com\/#organization","name":"M2C","url":"https:\/\/m2c.rvltpreview.com\/","logo":{"@type":"ImageObject","inLanguage":"ro-RO","@id":"https:\/\/m2c.rvltpreview.com\/#\/schema\/logo\/image\/","url":"https:\/\/www.m2c.eu\/wp-content\/uploads\/2021\/08\/logo-m2c.svg","contentUrl":"https:\/\/www.m2c.eu\/wp-content\/uploads\/2021\/08\/logo-m2c.svg","width":141,"height":40,"caption":"M2C"},"image":{"@id":"https:\/\/m2c.rvltpreview.com\/#\/schema\/logo\/image\/"}}]}},"_links":{"self":[{"href":"https:\/\/m2c.rvltpreview.com\/ro\/wp-json\/wp\/v2\/pages\/5437","targetHints":{"allow":["GET"]}}],"collection":[{"href":"https:\/\/m2c.rvltpreview.com\/ro\/wp-json\/wp\/v2\/pages"}],"about":[{"href":"https:\/\/m2c.rvltpreview.com\/ro\/wp-json\/wp\/v2\/types\/page"}],"author":[{"embeddable":true,"href":"https:\/\/m2c.rvltpreview.com\/ro\/wp-json\/wp\/v2\/users\/20"}],"replies":[{"embeddable":true,"href":"https:\/\/m2c.rvltpreview.com\/ro\/wp-json\/wp\/v2\/comments?post=5437"}],"version-history":[{"count":2,"href":"https:\/\/m2c.rvltpreview.com\/ro\/wp-json\/wp\/v2\/pages\/5437\/revisions"}],"predecessor-version":[{"id":6881,"href":"https:\/\/m2c.rvltpreview.com\/ro\/wp-json\/wp\/v2\/pages\/5437\/revisions\/6881"}],"up":[{"embeddable":true,"href":"https:\/\/m2c.rvltpreview.com\/ro\/wp-json\/wp\/v2\/pages\/5071"}],"wp:attachment":[{"href":"https:\/\/m2c.rvltpreview.com\/ro\/wp-json\/wp\/v2\/media?parent=5437"}],"curies":[{"name":"wp","href":"https:\/\/api.w.org\/{rel}","templated":true}]}}