{"id":4609,"date":"2021-10-10T10:45:28","date_gmt":"2021-10-10T08:45:28","guid":{"rendered":"https:\/\/www.m2c.eu\/?page_id=4609"},"modified":"2021-11-15T12:29:47","modified_gmt":"2021-11-15T11:29:47","slug":"udrzba-budovy","status":"publish","type":"page","link":"https:\/\/m2c.rvltpreview.com\/sk\/sluzby\/udrzba-budovy\/","title":{"rendered":"\u00dadr\u017eba budovy"},"content":{"rendered":"<div class='d-none' style='display:none;'>\n<h3>\u00dadr\u017eba budovy<\/h3>\n<p>Na\u0161im klientom poskytujeme komplexn\u00fa starostlivos\u0165 o bezprobl\u00e9mov\u00fa prev\u00e1dzku objektu. Ver\u00edme, \u017ee najlep\u0161ie rie\u0161enie je zalo\u017een\u00e9 na spr\u00e1vnej kombin\u00e1cii modern\u00fdch technol\u00f3gi\u00ed a spo\u013eahliv\u00fdch zamestnancov. V r\u00e1mci integrovan\u00e9ho facility managementu individu\u00e1lne pripravujeme slu\u017eby na mieru pre na\u0161ich klientov a sme schopn\u00ed v pr\u00edpade potreby pon\u00faknu\u0165 efekt\u00edvnej\u0161ie rie\u0161enia a finan\u010dn\u00e9 \u00faspory.<\/p>\n<p>11137004a:0:{}<\/p>\n<h3>\u00dadr\u017eba<\/h3>\n<h3>Upratovanie<\/h3>\n<h3>Zauj\u00edma v\u00e1s, ako zn\u00ed\u017ei\u0165 prev\u00e1dzkov\u00e9 n\u00e1klady budovy?<\/h3>\n<h3>\u00dadr\u017eba zelene<\/h3>\n<h3>Energetika<\/h3>\n<h3>Nevybrali ste si z ponuky slu\u017eieb?<\/h3>\n<\/div>\n<div class='d-none' style='display:none;'>\n<h3>\u00dadr\u017eba budovy<\/h3>\n<p>Na\u0161im klientom poskytujeme komplexn\u00fa starostlivos\u0165 o bezprobl\u00e9mov\u00fa prev\u00e1dzku objektu. Ver\u00edme, \u017ee najlep\u0161ie rie\u0161enie je zalo\u017een\u00e9 na spr\u00e1vnej kombin\u00e1cii modern\u00fdch technol\u00f3gi\u00ed a spo\u013eahliv\u00fdch zamestnancov. V r\u00e1mci integrovan\u00e9ho facility managementu individu\u00e1lne pripravujeme slu\u017eby na mieru pre na\u0161ich klientov a sme schopn\u00ed v pr\u00edpade potreby pon\u00faknu\u0165 efekt\u00edvnej\u0161ie rie\u0161enia a finan\u010dn\u00e9 \u00faspory.<\/p>\n<p>11137004a:0:{}<\/p>\n<h3>\u00dadr\u017eba<\/h3>\n<h3>Upratovanie<\/h3>\n<h3>Zauj\u00edma v\u00e1s, ako zn\u00ed\u017ei\u0165 prev\u00e1dzkov\u00e9 n\u00e1klady budovy?<\/h3>\n<h3>\u00dadr\u017eba zelene<\/h3>\n<h3>Energetika<\/h3>\n<h3>Nevybrali ste si z ponuky slu\u017eieb?<\/h3>\n<\/div>\n","protected":false},"excerpt":{"rendered":"<p>\u00dadr\u017eba budovy Na\u0161im klientom poskytujeme komplexn\u00fa starostlivos\u0165 o bezprobl\u00e9mov\u00fa prev\u00e1dzku objektu. Ver\u00edme, \u017ee najlep\u0161ie rie\u0161enie je zalo\u017een\u00e9 na spr\u00e1vnej kombin\u00e1cii modern\u00fdch technol\u00f3gi\u00ed a spo\u013eahliv\u00fdch zamestnancov. V r\u00e1mci integrovan\u00e9ho facility managementu individu\u00e1lne pripravujeme slu\u017eby na mieru pre na\u0161ich klientov a sme schopn\u00ed v pr\u00edpade potreby pon\u00faknu\u0165 efekt\u00edvnej\u0161ie rie\u0161enia a finan\u010dn\u00e9 \u00faspory. 11137004a:0:{} \u00dadr\u017eba Upratovanie Zauj\u00edma v\u00e1s,&#8230;<\/p>\n","protected":false},"author":20,"featured_media":0,"parent":4601,"menu_order":0,"comment_status":"closed","ping_status":"closed","template":"pages\/page-blocks.php","meta":{"footnotes":""},"class_list":["post-4609","page","type-page","status-publish","hentry"],"yoast_head":"<!-- This site is optimized with the Yoast SEO plugin v27.4 - https:\/\/yoast.com\/product\/yoast-seo-wordpress\/ -->\n<title>\u00dadr\u017eba budovy | M2C<\/title>\n<meta name=\"robots\" content=\"noindex, follow, max-snippet:-1, max-image-preview:large, max-video-preview:-1\" \/>\n<meta property=\"og:locale\" content=\"sk_SK\" \/>\n<meta property=\"og:type\" content=\"article\" \/>\n<meta property=\"og:title\" content=\"\u00dadr\u017eba budovy | M2C\" \/>\n<meta property=\"og:description\" content=\"\u00dadr\u017eba budovy Na\u0161im klientom poskytujeme komplexn\u00fa starostlivos\u0165 o bezprobl\u00e9mov\u00fa prev\u00e1dzku objektu. Ver\u00edme, \u017ee najlep\u0161ie rie\u0161enie je zalo\u017een\u00e9 na spr\u00e1vnej kombin\u00e1cii modern\u00fdch technol\u00f3gi\u00ed a spo\u013eahliv\u00fdch zamestnancov. V r\u00e1mci integrovan\u00e9ho facility managementu individu\u00e1lne pripravujeme slu\u017eby na mieru pre na\u0161ich klientov a sme schopn\u00ed v pr\u00edpade potreby pon\u00faknu\u0165 efekt\u00edvnej\u0161ie rie\u0161enia a finan\u010dn\u00e9 \u00faspory. 11137004a:0:{} \u00dadr\u017eba Upratovanie Zauj\u00edma v\u00e1s,...\" \/>\n<meta property=\"og:url\" content=\"https:\/\/m2c.rvltpreview.com\/sk\/sluzby\/udrzba-budovy\/\" \/>\n<meta property=\"og:site_name\" content=\"M2C\" \/>\n<meta property=\"article:modified_time\" content=\"2021-11-15T11:29:47+00:00\" \/>\n<meta property=\"og:image\" content=\"https:\/\/m2c.rvltpreview.com\/wp-content\/uploads\/2021\/09\/M2C_OG.jpg\" \/>\n\t<meta property=\"og:image:width\" content=\"1200\" \/>\n\t<meta property=\"og:image:height\" content=\"630\" \/>\n\t<meta property=\"og:image:type\" content=\"image\/jpeg\" \/>\n<meta name=\"twitter:card\" content=\"summary_large_image\" \/>\n<meta name=\"twitter:label1\" content=\"Predpokladan\u00fd \u010das \u010d\u00edtania\" \/>\n\t<meta name=\"twitter:data1\" content=\"1 min\u00fata\" \/>\n<!-- \/ Yoast SEO plugin. -->","yoast_head_json":{"title":"\u00dadr\u017eba budovy | M2C","robots":{"index":"noindex","follow":"follow","max-snippet":"max-snippet:-1","max-image-preview":"max-image-preview:large","max-video-preview":"max-video-preview:-1"},"og_locale":"sk_SK","og_type":"article","og_title":"\u00dadr\u017eba budovy | M2C","og_description":"\u00dadr\u017eba budovy Na\u0161im klientom poskytujeme komplexn\u00fa starostlivos\u0165 o bezprobl\u00e9mov\u00fa prev\u00e1dzku objektu. Ver\u00edme, \u017ee najlep\u0161ie rie\u0161enie je zalo\u017een\u00e9 na spr\u00e1vnej kombin\u00e1cii modern\u00fdch technol\u00f3gi\u00ed a spo\u013eahliv\u00fdch zamestnancov. V r\u00e1mci integrovan\u00e9ho facility managementu individu\u00e1lne pripravujeme slu\u017eby na mieru pre na\u0161ich klientov a sme schopn\u00ed v pr\u00edpade potreby pon\u00faknu\u0165 efekt\u00edvnej\u0161ie rie\u0161enia a finan\u010dn\u00e9 \u00faspory. 11137004a:0:{} \u00dadr\u017eba Upratovanie Zauj\u00edma v\u00e1s,...","og_url":"https:\/\/m2c.rvltpreview.com\/sk\/sluzby\/udrzba-budovy\/","og_site_name":"M2C","article_modified_time":"2021-11-15T11:29:47+00:00","og_image":[{"width":1200,"height":630,"url":"https:\/\/m2c.rvltpreview.com\/wp-content\/uploads\/2021\/09\/M2C_OG.jpg","type":"image\/jpeg"}],"twitter_card":"summary_large_image","twitter_misc":{"Predpokladan\u00fd \u010das \u010d\u00edtania":"1 min\u00fata"},"schema":{"@context":"https:\/\/schema.org","@graph":[{"@type":"WebPage","@id":"https:\/\/m2c.rvltpreview.com\/sk\/sluzby\/udrzba-budovy\/","url":"https:\/\/m2c.rvltpreview.com\/sk\/sluzby\/udrzba-budovy\/","name":"\u00dadr\u017eba budovy | M2C","isPartOf":{"@id":"https:\/\/m2c.rvltpreview.com\/#website"},"datePublished":"2021-10-10T08:45:28+00:00","dateModified":"2021-11-15T11:29:47+00:00","breadcrumb":{"@id":"https:\/\/m2c.rvltpreview.com\/sk\/sluzby\/udrzba-budovy\/#breadcrumb"},"inLanguage":"sk-SK","potentialAction":[{"@type":"ReadAction","target":["https:\/\/m2c.rvltpreview.com\/sk\/sluzby\/udrzba-budovy\/"]}]},{"@type":"BreadcrumbList","@id":"https:\/\/m2c.rvltpreview.com\/sk\/sluzby\/udrzba-budovy\/#breadcrumb","itemListElement":[{"@type":"ListItem","position":1,"name":"\u00davod","item":"https:\/\/m2c.rvltpreview.com\/sk\/"},{"@type":"ListItem","position":2,"name":"Slu\u017eby","item":"https:\/\/m2c.rvltpreview.com\/sk\/?page_id=4601"},{"@type":"ListItem","position":3,"name":"\u00dadr\u017eba budovy"}]},{"@type":"WebSite","@id":"https:\/\/m2c.rvltpreview.com\/#website","url":"https:\/\/m2c.rvltpreview.com\/","name":"M2C","description":"","publisher":{"@id":"https:\/\/m2c.rvltpreview.com\/#organization"},"potentialAction":[{"@type":"SearchAction","target":{"@type":"EntryPoint","urlTemplate":"https:\/\/m2c.rvltpreview.com\/?s={search_term_string}"},"query-input":{"@type":"PropertyValueSpecification","valueRequired":true,"valueName":"search_term_string"}}],"inLanguage":"sk-SK"},{"@type":"Organization","@id":"https:\/\/m2c.rvltpreview.com\/#organization","name":"M2C","url":"https:\/\/m2c.rvltpreview.com\/","logo":{"@type":"ImageObject","inLanguage":"sk-SK","@id":"https:\/\/m2c.rvltpreview.com\/#\/schema\/logo\/image\/","url":"https:\/\/www.m2c.eu\/wp-content\/uploads\/2021\/08\/logo-m2c.svg","contentUrl":"https:\/\/www.m2c.eu\/wp-content\/uploads\/2021\/08\/logo-m2c.svg","width":141,"height":40,"caption":"M2C"},"image":{"@id":"https:\/\/m2c.rvltpreview.com\/#\/schema\/logo\/image\/"}}]}},"_links":{"self":[{"href":"https:\/\/m2c.rvltpreview.com\/sk\/wp-json\/wp\/v2\/pages\/4609","targetHints":{"allow":["GET"]}}],"collection":[{"href":"https:\/\/m2c.rvltpreview.com\/sk\/wp-json\/wp\/v2\/pages"}],"about":[{"href":"https:\/\/m2c.rvltpreview.com\/sk\/wp-json\/wp\/v2\/types\/page"}],"author":[{"embeddable":true,"href":"https:\/\/m2c.rvltpreview.com\/sk\/wp-json\/wp\/v2\/users\/20"}],"replies":[{"embeddable":true,"href":"https:\/\/m2c.rvltpreview.com\/sk\/wp-json\/wp\/v2\/comments?post=4609"}],"version-history":[{"count":3,"href":"https:\/\/m2c.rvltpreview.com\/sk\/wp-json\/wp\/v2\/pages\/4609\/revisions"}],"predecessor-version":[{"id":6926,"href":"https:\/\/m2c.rvltpreview.com\/sk\/wp-json\/wp\/v2\/pages\/4609\/revisions\/6926"}],"up":[{"embeddable":true,"href":"https:\/\/m2c.rvltpreview.com\/sk\/wp-json\/wp\/v2\/pages\/4601"}],"wp:attachment":[{"href":"https:\/\/m2c.rvltpreview.com\/sk\/wp-json\/wp\/v2\/media?parent=4609"}],"curies":[{"name":"wp","href":"https:\/\/api.w.org\/{rel}","templated":true}]}}